{"id":3210,"date":"2025-07-25T08:31:56","date_gmt":"2025-07-25T08:31:56","guid":{"rendered":"https:\/\/magenta-vision.com\/?page_id=3210"},"modified":"2025-12-02T08:40:34","modified_gmt":"2025-12-02T08:40:34","slug":"print-factory","status":"publish","type":"page","link":"https:\/\/magenta-vision.com\/pl\/print-factory\/","title":{"rendered":"PrintFactory"},"content":{"rendered":"<div data-elementor-type=\"wp-page\" data-elementor-id=\"3210\" class=\"elementor elementor-3210\">\n\t\t\t\t<div class=\"elementor-element elementor-element-d34a7d0 elementor-hidden-tablet elementor-hidden-mobile e-flex e-con-boxed e-con e-parent\" data-id=\"d34a7d0\" data-element_type=\"container\" data-e-type=\"container\" data-settings=\"{&quot;background_background&quot;:&quot;classic&quot;}\">\n\t\t\t\t\t<div class=\"e-con-inner\">\n\t\t<div class=\"elementor-element elementor-element-4088391 e-con-full e-flex e-con e-child\" data-id=\"4088391\" data-element_type=\"container\" data-e-type=\"container\">\n\t\t\t\t<div class=\"elementor-element elementor-element-efcd6af elementor-widget elementor-widget-heading\" data-id=\"efcd6af\" data-element_type=\"widget\" data-e-type=\"widget\" data-widget_type=\"heading.default\">\n\t\t\t\t\t<h1 class=\"elementor-heading-title elementor-size-default\">Software<\/h1>\t\t\t\t<\/div>\n\t\t\t\t<div class=\"elementor-element elementor-element-8f39464 elementor-widget-divider--view-line elementor-widget elementor-widget-divider\" data-id=\"8f39464\" data-element_type=\"widget\" data-e-type=\"widget\" data-widget_type=\"divider.default\">\n\t\t\t\t\t\t\t<div class=\"elementor-divider\">\n\t\t\t<span class=\"elementor-divider-separator\">\n\t\t\t\t\t\t<\/span>\n\t\t<\/div>\n\t\t\t\t\t\t<\/div>\n\t\t\t\t<\/div>\n\t\t\t\t\t<\/div>\n\t\t\t\t<\/div>\n\t\t<div class=\"elementor-element elementor-element-a99fe97 elementor-hidden-desktop e-flex e-con-boxed e-con e-parent\" data-id=\"a99fe97\" data-element_type=\"container\" data-e-type=\"container\" data-settings=\"{&quot;background_background&quot;:&quot;classic&quot;}\">\n\t\t\t\t\t<div class=\"e-con-inner\">\n\t\t<div class=\"elementor-element elementor-element-5ef1730 e-con-full e-flex e-con e-child\" data-id=\"5ef1730\" data-element_type=\"container\" data-e-type=\"container\">\n\t\t\t\t<div class=\"elementor-element elementor-element-641c932 elementor-widget elementor-widget-heading\" data-id=\"641c932\" data-element_type=\"widget\" data-e-type=\"widget\" data-widget_type=\"heading.default\">\n\t\t\t\t\t<h1 class=\"elementor-heading-title elementor-size-default\">Software<\/h1>\t\t\t\t<\/div>\n\t\t\t\t<div class=\"elementor-element elementor-element-f5432b9 elementor-widget-divider--view-line elementor-widget elementor-widget-divider\" data-id=\"f5432b9\" data-element_type=\"widget\" data-e-type=\"widget\" data-widget_type=\"divider.default\">\n\t\t\t\t\t\t\t<div class=\"elementor-divider\">\n\t\t\t<span class=\"elementor-divider-separator\">\n\t\t\t\t\t\t<\/span>\n\t\t<\/div>\n\t\t\t\t\t\t<\/div>\n\t\t\t\t<\/div>\n\t\t\t\t\t<\/div>\n\t\t\t\t<\/div>\n\t\t<div class=\"elementor-element elementor-element-45ba07b4 e-flex e-con-boxed e-con e-parent\" data-id=\"45ba07b4\" data-element_type=\"container\" data-e-type=\"container\" data-settings=\"{&quot;background_background&quot;:&quot;classic&quot;}\">\n\t\t\t\t\t<div class=\"e-con-inner\">\n\t\t<div class=\"elementor-element elementor-element-67057fa e-con-full e-flex e-con e-child\" data-id=\"67057fa\" data-element_type=\"container\" data-e-type=\"container\">\n\t\t<div class=\"elementor-element elementor-element-3cb3e94c e-con-full e-flex e-con e-child\" data-id=\"3cb3e94c\" data-element_type=\"container\" data-e-type=\"container\">\n\t\t\t\t<div class=\"elementor-element elementor-element-973fe40 elementor-mobile-align-center elementor-widget elementor-widget-button\" data-id=\"973fe40\" data-element_type=\"widget\" data-e-type=\"widget\" id=\"go-back\" data-widget_type=\"button.default\">\n\t\t\t\t\t\t\t\t\t\t<a class=\"elementor-button elementor-button-link elementor-size-sm\" href=\"#\">\n\t\t\t\t\t\t<span class=\"elementor-button-content-wrapper\">\n\t\t\t\t\t\t<span class=\"elementor-button-icon\">\n\t\t\t\t<svg aria-hidden=\"true\" class=\"e-font-icon-svg e-far-arrow-alt-circle-left\" viewbox=\"0 0 512 512\" xmlns=\"http:\/\/www.w3.org\/2000\/svg\"><path d=\"M8 256c0 137 111 248 248 248s248-111 248-248S393 8 256 8 8 119 8 256zm448 0c0 110.5-89.5 200-200 200S56 366.5 56 256 145.5 56 256 56s200 89.5 200 200zm-72-20v40c0 6.6-5.4 12-12 12H256v67c0 10.7-12.9 16-20.5 8.5l-99-99c-4.7-4.7-4.7-12.3 0-17l99-99c7.6-7.6 20.5-2.2 20.5 8.5v67h116c6.6 0 12 5.4 12 12z\"><\/path><\/svg>\t\t\t<\/span>\n\t\t\t\t\t\t\t\t\t<span class=\"elementor-button-text\">Wr\u00f3\u0107<\/span>\n\t\t\t\t\t<\/span>\n\t\t\t\t\t<\/a>\n\t\t\t\t\t\t\t\t<\/div>\n\t\t\t\t<div class=\"elementor-element elementor-element-d24080c elementor-widget elementor-widget-html\" data-id=\"d24080c\" data-element_type=\"widget\" data-e-type=\"widget\" data-widget_type=\"html.default\">\n\t\t\t\t\t<script type=\"text\/javascript\">\n    jQuery(document).ready(function() {\n        jQuery('#go-back').on('click', function() {\n            window.history.go(-1);\n            return false;\n        });\n    });\n<\/script>\t\t\t\t<\/div>\n\t\t\t\t<div class=\"elementor-element elementor-element-621bea67 elementor-hidden-tablet elementor-hidden-mobile elementor-widget elementor-widget-image\" data-id=\"621bea67\" data-element_type=\"widget\" data-e-type=\"widget\" data-widget_type=\"image.default\">\n\t\t\t\t\t\t\t\t\t\t\t\t\t\t\t<img decoding=\"async\" width=\"90\" height=\"150\" src=\"https:\/\/magenta-vision.com\/wp-content\/uploads\/2025\/09\/Projekt-bez-nazwy-59.png\" class=\"attachment-thumbnail size-thumbnail wp-image-4380\" alt=\"\" \/>\t\t\t\t\t\t\t\t\t\t\t\t\t\t\t<\/div>\n\t\t\t\t<div class=\"elementor-element elementor-element-919330f elementor-hidden-desktop elementor-widget elementor-widget-image\" data-id=\"919330f\" data-element_type=\"widget\" data-e-type=\"widget\" data-widget_type=\"image.default\">\n\t\t\t\t\t\t\t\t\t\t\t\t\t\t\t<img fetchpriority=\"high\" decoding=\"async\" width=\"180\" height=\"300\" src=\"https:\/\/magenta-vision.com\/wp-content\/uploads\/2025\/09\/Projekt-bez-nazwy-59.png\" class=\"attachment-medium size-medium wp-image-4380\" alt=\"\" \/>\t\t\t\t\t\t\t\t\t\t\t\t\t\t\t<\/div>\n\t\t\t\t<\/div>\n\t\t\t\t<\/div>\n\t\t\t\t\t<\/div>\n\t\t\t\t<\/div>\n\t\t<div class=\"elementor-element elementor-element-5d292135 e-flex e-con-boxed e-con e-parent\" data-id=\"5d292135\" data-element_type=\"container\" data-e-type=\"container\" data-settings=\"{&quot;background_background&quot;:&quot;classic&quot;}\">\n\t\t\t\t\t<div class=\"e-con-inner\">\n\t\t<div class=\"elementor-element elementor-element-25e770a e-con-full e-flex e-con e-child\" data-id=\"25e770a\" data-element_type=\"container\" data-e-type=\"container\">\n\t\t<div class=\"elementor-element elementor-element-3299b3c1 e-con-full e-flex e-con e-child\" data-id=\"3299b3c1\" data-element_type=\"container\" data-e-type=\"container\">\n\t\t\t\t<div class=\"elementor-element elementor-element-4395c27c elementor-widget elementor-widget-heading\" data-id=\"4395c27c\" data-element_type=\"widget\" data-e-type=\"widget\" data-widget_type=\"heading.default\">\n\t\t\t\t\t<h3 class=\"elementor-heading-title elementor-size-default\">PrintFactory<\/h3>\t\t\t\t<\/div>\n\t\t\t\t<\/div>\n\t\t\t\t<\/div>\n\t\t<div class=\"elementor-element elementor-element-2b319894 e-con-full e-flex e-con e-child\" data-id=\"2b319894\" data-element_type=\"container\" data-e-type=\"container\">\n\t\t<div class=\"elementor-element elementor-element-47e53bd0 e-con-full e-flex e-con e-child\" data-id=\"47e53bd0\" data-element_type=\"container\" data-e-type=\"container\">\n\t\t\t\t<div class=\"elementor-element elementor-element-4380aabc elementor-widget elementor-widget-text-editor\" data-id=\"4380aabc\" data-element_type=\"widget\" data-e-type=\"widget\" data-widget_type=\"text-editor.default\">\n\t\t\t\t\t\t\t\t\t<p>PrintFactory to zaawansowany, kompleksowy workflow RIP, zaprojektowany w celu zapewnienia wyj\u0105tkowej sp\u00f3jno\u015bci kolor\u00f3w, inteligentnej automatyzacji i maksymalnie efektywnej produkcji. Stworzony do pracy w \u015brodowiskach o du\u017cej wydajno\u015bci, gwarantuje wysokiej jako\u015bci rezultaty na ka\u017cdym ploterze i pod\u0142o\u017cu.<\/p><p><img decoding=\"async\" class=\"alignnone wp-image-4381 size-full\" src=\"https:\/\/magenta-vision.com\/wp-content\/uploads\/2025\/09\/PHOTOS-20-x-20-cm-8.png\" alt=\"\" width=\"2000\" height=\"2000\" \/><\/p><p><strong>G\u0142\u00f3wne zalety<\/strong><\/p><ul><li>Zautomatyzowana kalibracja kolor\u00f3w dla sp\u00f3jnych wydruk\u00f3w na wszystkich urz\u0105dzeniach<\/li><li>Technologia DeviceLink+ dla lepszej precyzji kolor\u00f3w przy zu\u017cyciu nawet do 20% mniej atramentu<\/li><li>Inteligentne rozmieszczanie i optymalizacja uk\u0142adu w celu minimalizacji odpad\u00f3w materia\u0142u<\/li><li>Szybkie tworzenie profili oraz pot\u0119\u017cne wbudowane narz\u0119dzia edycyjne<\/li><li>Jeden z najszybszych i najwydajniejszych silnik\u00f3w RIP dost\u0119pnych na rynku<\/li><li>Centralne zarz\u0105dzanie w chmurze dla pe\u0142nej kontroli nad ploterami<\/li><\/ul>\t\t\t\t\t\t\t\t<\/div>\n\t\t\t\t<\/div>\n\t\t\t\t<\/div>\n\t\t<div class=\"elementor-element elementor-element-ffc64d1 e-con-full e-flex e-con e-child\" data-id=\"ffc64d1\" data-element_type=\"container\" data-e-type=\"container\">\n\t\t\t\t<div class=\"elementor-element elementor-element-4a3cc7d elementor-align-center elementor-widget elementor-widget-button\" data-id=\"4a3cc7d\" data-element_type=\"widget\" data-e-type=\"widget\" data-widget_type=\"button.default\">\n\t\t\t\t\t\t\t\t\t\t<a class=\"elementor-button elementor-button-link elementor-size-sm\" href=\"https:\/\/magenta-vision.com\/pl\/contact\/\">\n\t\t\t\t\t\t<span class=\"elementor-button-content-wrapper\">\n\t\t\t\t\t\t\t\t\t<span class=\"elementor-button-text\">OTRZYMAJ WYCEN\u0118<\/span>\n\t\t\t\t\t<\/span>\n\t\t\t\t\t<\/a>\n\t\t\t\t\t\t\t\t<\/div>\n\t\t\t\t<\/div>\n\t\t\t\t\t<\/div>\n\t\t\t\t<\/div>\n\t\t\t\t<\/div>","protected":false},"excerpt":{"rendered":"<p>Software Software Go back PrintFactory PrintFactory is a powerful end-to-end RIP workflow designed to deliver exceptional color consistency, smarter automation, and highly efficient production. Built for high-volume environments, it ensures predictable results across every printer and substrate. Key benefits Automated color calibration for consistent output across all devices DeviceLink+ technology for improved color accuracy with [&hellip;]<\/p>\n","protected":false},"author":1,"featured_media":0,"parent":0,"menu_order":0,"comment_status":"closed","ping_status":"closed","template":"","meta":{"site-sidebar-layout":"no-sidebar","site-content-layout":"page-builder","ast-site-content-layout":"full-width-container","site-content-style":"unboxed","site-sidebar-style":"unboxed","ast-global-header-display":"","ast-banner-title-visibility":"","ast-main-header-display":"","ast-hfb-above-header-display":"","ast-hfb-below-header-display":"","ast-hfb-mobile-header-display":"","site-post-title":"disabled","ast-breadcrumbs-content":"","ast-featured-img":"disabled","footer-sml-layout":"","theme-transparent-header-meta":"","adv-header-id-meta":"","stick-header-meta":"","header-above-stick-meta":"","header-main-stick-meta":"","header-below-stick-meta":"","astra-migrate-meta-layouts":"set","ast-page-background-enabled":"default","ast-page-background-meta":{"desktop":{"background-color":"","background-image":"","background-repeat":"repeat","background-position":"center center","background-size":"auto","background-attachment":"scroll","background-type":"","background-media":"","overlay-type":"","overlay-color":"","overlay-opacity":"","overlay-gradient":""},"tablet":{"background-color":"","background-image":"","background-repeat":"repeat","background-position":"center center","background-size":"auto","background-attachment":"scroll","background-type":"","background-media":"","overlay-type":"","overlay-color":"","overlay-opacity":"","overlay-gradient":""},"mobile":{"background-color":"","background-image":"","background-repeat":"repeat","background-position":"center center","background-size":"auto","background-attachment":"scroll","background-type":"","background-media":"","overlay-type":"","overlay-color":"","overlay-opacity":"","overlay-gradient":""}},"ast-content-background-meta":{"desktop":{"background-color":"var(--ast-global-color-5)","background-image":"","background-repeat":"repeat","background-position":"center center","background-size":"auto","background-attachment":"scroll","background-type":"","background-media":"","overlay-type":"","overlay-color":"","overlay-opacity":"","overlay-gradient":""},"tablet":{"background-color":"var(--ast-global-color-5)","background-image":"","background-repeat":"repeat","background-position":"center center","background-size":"auto","background-attachment":"scroll","background-type":"","background-media":"","overlay-type":"","overlay-color":"","overlay-opacity":"","overlay-gradient":""},"mobile":{"background-color":"var(--ast-global-color-5)","background-image":"","background-repeat":"repeat","background-position":"center center","background-size":"auto","background-attachment":"scroll","background-type":"","background-media":"","overlay-type":"","overlay-color":"","overlay-opacity":"","overlay-gradient":""}},"footnotes":""},"class_list":["post-3210","page","type-page","status-publish","hentry"],"yoast_head":"<!-- This site is optimized with the Yoast SEO plugin v27.5 - https:\/\/yoast.com\/product\/yoast-seo-wordpress\/ -->\n<title>PrintFactory - Magenta Vision<\/title>\n<meta name=\"robots\" content=\"index, follow, max-snippet:-1, max-image-preview:large, max-video-preview:-1\" \/>\n<link rel=\"canonical\" href=\"https:\/\/magenta-vision.com\/pl\/print-factory\/\" \/>\n<meta property=\"og:locale\" content=\"pl_PL\" \/>\n<meta property=\"og:type\" content=\"article\" \/>\n<meta property=\"og:title\" content=\"PrintFactory - Magenta Vision\" \/>\n<meta property=\"og:description\" content=\"Software Software Go back PrintFactory PrintFactory is a powerful end-to-end RIP workflow designed to deliver exceptional color consistency, smarter automation, and highly efficient production. Built for high-volume environments, it ensures predictable results across every printer and substrate. Key benefits Automated color calibration for consistent output across all devices DeviceLink+ technology for improved color accuracy with [&hellip;]\" \/>\n<meta property=\"og:url\" content=\"https:\/\/magenta-vision.com\/pl\/print-factory\/\" \/>\n<meta property=\"og:site_name\" content=\"Magenta Vision\" \/>\n<meta property=\"article:publisher\" content=\"https:\/\/www.facebook.com\/MagentaVision\/?locale=pl_PL\" \/>\n<meta property=\"article:modified_time\" content=\"2025-12-02T08:40:34+00:00\" \/>\n<meta property=\"og:image\" content=\"https:\/\/magenta-vision.com\/wp-content\/uploads\/2025\/09\/Projekt-bez-nazwy-59.png\" \/>\n\t<meta property=\"og:image:width\" content=\"901\" \/>\n\t<meta property=\"og:image:height\" content=\"1500\" \/>\n\t<meta property=\"og:image:type\" content=\"image\/png\" \/>\n<meta name=\"twitter:card\" content=\"summary_large_image\" \/>\n<script type=\"application\/ld+json\" class=\"yoast-schema-graph\">{\"@context\":\"https:\\\/\\\/schema.org\",\"@graph\":[{\"@type\":\"WebPage\",\"@id\":\"https:\\\/\\\/magenta-vision.com\\\/print-factory\\\/\",\"url\":\"https:\\\/\\\/magenta-vision.com\\\/print-factory\\\/\",\"name\":\"PrintFactory - Magenta Vision\",\"isPartOf\":{\"@id\":\"https:\\\/\\\/magenta-vision.com\\\/#website\"},\"primaryImageOfPage\":{\"@id\":\"https:\\\/\\\/magenta-vision.com\\\/print-factory\\\/#primaryimage\"},\"image\":{\"@id\":\"https:\\\/\\\/magenta-vision.com\\\/print-factory\\\/#primaryimage\"},\"thumbnailUrl\":\"https:\\\/\\\/magenta-vision.com\\\/wp-content\\\/uploads\\\/2025\\\/09\\\/Projekt-bez-nazwy-59.png\",\"datePublished\":\"2025-07-25T08:31:56+00:00\",\"dateModified\":\"2025-12-02T08:40:34+00:00\",\"breadcrumb\":{\"@id\":\"https:\\\/\\\/magenta-vision.com\\\/print-factory\\\/#breadcrumb\"},\"inLanguage\":\"pl-PL\",\"potentialAction\":[{\"@type\":\"ReadAction\",\"target\":[\"https:\\\/\\\/magenta-vision.com\\\/print-factory\\\/\"]}]},{\"@type\":\"ImageObject\",\"inLanguage\":\"pl-PL\",\"@id\":\"https:\\\/\\\/magenta-vision.com\\\/print-factory\\\/#primaryimage\",\"url\":\"https:\\\/\\\/magenta-vision.com\\\/wp-content\\\/uploads\\\/2025\\\/09\\\/Projekt-bez-nazwy-59.png\",\"contentUrl\":\"https:\\\/\\\/magenta-vision.com\\\/wp-content\\\/uploads\\\/2025\\\/09\\\/Projekt-bez-nazwy-59.png\"},{\"@type\":\"BreadcrumbList\",\"@id\":\"https:\\\/\\\/magenta-vision.com\\\/print-factory\\\/#breadcrumb\",\"itemListElement\":[{\"@type\":\"ListItem\",\"position\":1,\"name\":\"Home\",\"item\":\"https:\\\/\\\/magenta-vision.com\\\/\"},{\"@type\":\"ListItem\",\"position\":2,\"name\":\"PrintFactory\"}]},{\"@type\":\"WebSite\",\"@id\":\"https:\\\/\\\/magenta-vision.com\\\/#website\",\"url\":\"https:\\\/\\\/magenta-vision.com\\\/\",\"name\":\"Magenta Vision\",\"description\":\"Advanced Printing Solutions\",\"publisher\":{\"@id\":\"https:\\\/\\\/magenta-vision.com\\\/#organization\"},\"alternateName\":\"Magenta Vision\",\"potentialAction\":[{\"@type\":\"SearchAction\",\"target\":{\"@type\":\"EntryPoint\",\"urlTemplate\":\"https:\\\/\\\/magenta-vision.com\\\/?s={search_term_string}\"},\"query-input\":{\"@type\":\"PropertyValueSpecification\",\"valueRequired\":true,\"valueName\":\"search_term_string\"}}],\"inLanguage\":\"pl-PL\"},{\"@type\":\"Organization\",\"@id\":\"https:\\\/\\\/magenta-vision.com\\\/#organization\",\"name\":\"Magenta Vision\",\"url\":\"https:\\\/\\\/magenta-vision.com\\\/\",\"logo\":{\"@type\":\"ImageObject\",\"inLanguage\":\"pl-PL\",\"@id\":\"https:\\\/\\\/magenta-vision.com\\\/#\\\/schema\\\/logo\\\/image\\\/\",\"url\":\"https:\\\/\\\/magenta-vision.com\\\/wp-content\\\/uploads\\\/2025\\\/10\\\/magenta_logo-4.svg\",\"contentUrl\":\"https:\\\/\\\/magenta-vision.com\\\/wp-content\\\/uploads\\\/2025\\\/10\\\/magenta_logo-4.svg\",\"caption\":\"Magenta Vision\"},\"image\":{\"@id\":\"https:\\\/\\\/magenta-vision.com\\\/#\\\/schema\\\/logo\\\/image\\\/\"},\"sameAs\":[\"https:\\\/\\\/www.facebook.com\\\/MagentaVision\\\/?locale=pl_PL\",\"https:\\\/\\\/www.linkedin.com\\\/company\\\/magenta-vision\",\"https:\\\/\\\/www.youtube.com\\\/user\\\/MagentaVision\"]}]}<\/script>\n<!-- \/ Yoast SEO plugin. -->","yoast_head_json":{"title":"PrintFactory - Magenta Vision","robots":{"index":"index","follow":"follow","max-snippet":"max-snippet:-1","max-image-preview":"max-image-preview:large","max-video-preview":"max-video-preview:-1"},"canonical":"https:\/\/magenta-vision.com\/pl\/print-factory\/","og_locale":"pl_PL","og_type":"article","og_title":"PrintFactory - Magenta Vision","og_description":"Software Software Go back PrintFactory PrintFactory is a powerful end-to-end RIP workflow designed to deliver exceptional color consistency, smarter automation, and highly efficient production. Built for high-volume environments, it ensures predictable results across every printer and substrate. Key benefits Automated color calibration for consistent output across all devices DeviceLink+ technology for improved color accuracy with [&hellip;]","og_url":"https:\/\/magenta-vision.com\/pl\/print-factory\/","og_site_name":"Magenta Vision","article_publisher":"https:\/\/www.facebook.com\/MagentaVision\/?locale=pl_PL","article_modified_time":"2025-12-02T08:40:34+00:00","og_image":[{"width":901,"height":1500,"url":"https:\/\/magenta-vision.com\/wp-content\/uploads\/2025\/09\/Projekt-bez-nazwy-59.png","type":"image\/png"}],"twitter_card":"summary_large_image","schema":{"@context":"https:\/\/schema.org","@graph":[{"@type":"WebPage","@id":"https:\/\/magenta-vision.com\/print-factory\/","url":"https:\/\/magenta-vision.com\/print-factory\/","name":"PrintFactory - Magenta Vision","isPartOf":{"@id":"https:\/\/magenta-vision.com\/#website"},"primaryImageOfPage":{"@id":"https:\/\/magenta-vision.com\/print-factory\/#primaryimage"},"image":{"@id":"https:\/\/magenta-vision.com\/print-factory\/#primaryimage"},"thumbnailUrl":"https:\/\/magenta-vision.com\/wp-content\/uploads\/2025\/09\/Projekt-bez-nazwy-59.png","datePublished":"2025-07-25T08:31:56+00:00","dateModified":"2025-12-02T08:40:34+00:00","breadcrumb":{"@id":"https:\/\/magenta-vision.com\/print-factory\/#breadcrumb"},"inLanguage":"pl-PL","potentialAction":[{"@type":"ReadAction","target":["https:\/\/magenta-vision.com\/print-factory\/"]}]},{"@type":"ImageObject","inLanguage":"pl-PL","@id":"https:\/\/magenta-vision.com\/print-factory\/#primaryimage","url":"https:\/\/magenta-vision.com\/wp-content\/uploads\/2025\/09\/Projekt-bez-nazwy-59.png","contentUrl":"https:\/\/magenta-vision.com\/wp-content\/uploads\/2025\/09\/Projekt-bez-nazwy-59.png"},{"@type":"BreadcrumbList","@id":"https:\/\/magenta-vision.com\/print-factory\/#breadcrumb","itemListElement":[{"@type":"ListItem","position":1,"name":"Home","item":"https:\/\/magenta-vision.com\/"},{"@type":"ListItem","position":2,"name":"PrintFactory"}]},{"@type":"WebSite","@id":"https:\/\/magenta-vision.com\/#website","url":"https:\/\/magenta-vision.com\/","name":"Magenta Vision","description":"Advanced Printing Solutions","publisher":{"@id":"https:\/\/magenta-vision.com\/#organization"},"alternateName":"Magenta Vision","potentialAction":[{"@type":"SearchAction","target":{"@type":"EntryPoint","urlTemplate":"https:\/\/magenta-vision.com\/?s={search_term_string}"},"query-input":{"@type":"PropertyValueSpecification","valueRequired":true,"valueName":"search_term_string"}}],"inLanguage":"pl-PL"},{"@type":"Organization","@id":"https:\/\/magenta-vision.com\/#organization","name":"Magenta Vision","url":"https:\/\/magenta-vision.com\/","logo":{"@type":"ImageObject","inLanguage":"pl-PL","@id":"https:\/\/magenta-vision.com\/#\/schema\/logo\/image\/","url":"https:\/\/magenta-vision.com\/wp-content\/uploads\/2025\/10\/magenta_logo-4.svg","contentUrl":"https:\/\/magenta-vision.com\/wp-content\/uploads\/2025\/10\/magenta_logo-4.svg","caption":"Magenta Vision"},"image":{"@id":"https:\/\/magenta-vision.com\/#\/schema\/logo\/image\/"},"sameAs":["https:\/\/www.facebook.com\/MagentaVision\/?locale=pl_PL","https:\/\/www.linkedin.com\/company\/magenta-vision","https:\/\/www.youtube.com\/user\/MagentaVision"]}]}},"_links":{"self":[{"href":"https:\/\/magenta-vision.com\/pl\/wp-json\/wp\/v2\/pages\/3210","targetHints":{"allow":["GET"]}}],"collection":[{"href":"https:\/\/magenta-vision.com\/pl\/wp-json\/wp\/v2\/pages"}],"about":[{"href":"https:\/\/magenta-vision.com\/pl\/wp-json\/wp\/v2\/types\/page"}],"author":[{"embeddable":true,"href":"https:\/\/magenta-vision.com\/pl\/wp-json\/wp\/v2\/users\/1"}],"replies":[{"embeddable":true,"href":"https:\/\/magenta-vision.com\/pl\/wp-json\/wp\/v2\/comments?post=3210"}],"version-history":[{"count":20,"href":"https:\/\/magenta-vision.com\/pl\/wp-json\/wp\/v2\/pages\/3210\/revisions"}],"predecessor-version":[{"id":7030,"href":"https:\/\/magenta-vision.com\/pl\/wp-json\/wp\/v2\/pages\/3210\/revisions\/7030"}],"wp:attachment":[{"href":"https:\/\/magenta-vision.com\/pl\/wp-json\/wp\/v2\/media?parent=3210"}],"curies":[{"name":"wp","href":"https:\/\/api.w.org\/{rel}","templated":true}]}}