{"id":3211,"date":"2025-07-25T08:31:56","date_gmt":"2025-07-25T08:31:56","guid":{"rendered":"https:\/\/magenta-vision.com\/?page_id=3211"},"modified":"2025-12-02T08:41:01","modified_gmt":"2025-12-02T08:41:01","slug":"onyx","status":"publish","type":"page","link":"https:\/\/magenta-vision.com\/pl\/onyx\/","title":{"rendered":"Onyx"},"content":{"rendered":"<div data-elementor-type=\"wp-page\" data-elementor-id=\"3211\" class=\"elementor elementor-3211\">\n\t\t\t\t<div class=\"elementor-element elementor-element-998e91c elementor-hidden-tablet elementor-hidden-mobile e-flex e-con-boxed e-con e-parent\" data-id=\"998e91c\" data-element_type=\"container\" data-e-type=\"container\" data-settings=\"{&quot;background_background&quot;:&quot;classic&quot;}\">\n\t\t\t\t\t<div class=\"e-con-inner\">\n\t\t<div class=\"elementor-element elementor-element-576dd1e e-con-full e-flex e-con e-child\" data-id=\"576dd1e\" data-element_type=\"container\" data-e-type=\"container\">\n\t\t\t\t<div class=\"elementor-element elementor-element-5052713 elementor-widget elementor-widget-heading\" data-id=\"5052713\" data-element_type=\"widget\" data-e-type=\"widget\" data-widget_type=\"heading.default\">\n\t\t\t\t\t<h1 class=\"elementor-heading-title elementor-size-default\">Software<\/h1>\t\t\t\t<\/div>\n\t\t\t\t<div class=\"elementor-element elementor-element-d261e5a elementor-widget-divider--view-line elementor-widget elementor-widget-divider\" data-id=\"d261e5a\" data-element_type=\"widget\" data-e-type=\"widget\" data-widget_type=\"divider.default\">\n\t\t\t\t\t\t\t<div class=\"elementor-divider\">\n\t\t\t<span class=\"elementor-divider-separator\">\n\t\t\t\t\t\t<\/span>\n\t\t<\/div>\n\t\t\t\t\t\t<\/div>\n\t\t\t\t<\/div>\n\t\t\t\t\t<\/div>\n\t\t\t\t<\/div>\n\t\t<div class=\"elementor-element elementor-element-519ca54 elementor-hidden-desktop e-flex e-con-boxed e-con e-parent\" data-id=\"519ca54\" data-element_type=\"container\" data-e-type=\"container\" data-settings=\"{&quot;background_background&quot;:&quot;classic&quot;}\">\n\t\t\t\t\t<div class=\"e-con-inner\">\n\t\t<div class=\"elementor-element elementor-element-450c18f e-con-full e-flex e-con e-child\" data-id=\"450c18f\" data-element_type=\"container\" data-e-type=\"container\">\n\t\t\t\t<div class=\"elementor-element elementor-element-9908911 elementor-widget elementor-widget-heading\" data-id=\"9908911\" data-element_type=\"widget\" data-e-type=\"widget\" data-widget_type=\"heading.default\">\n\t\t\t\t\t<h2 class=\"elementor-heading-title elementor-size-default\">Software<\/h2>\t\t\t\t<\/div>\n\t\t\t\t<div class=\"elementor-element elementor-element-fe59044 elementor-widget-divider--view-line elementor-widget elementor-widget-divider\" data-id=\"fe59044\" data-element_type=\"widget\" data-e-type=\"widget\" data-widget_type=\"divider.default\">\n\t\t\t\t\t\t\t<div class=\"elementor-divider\">\n\t\t\t<span class=\"elementor-divider-separator\">\n\t\t\t\t\t\t<\/span>\n\t\t<\/div>\n\t\t\t\t\t\t<\/div>\n\t\t\t\t<\/div>\n\t\t\t\t\t<\/div>\n\t\t\t\t<\/div>\n\t\t<div class=\"elementor-element elementor-element-2f2bc140 e-flex e-con-boxed e-con e-parent\" data-id=\"2f2bc140\" data-element_type=\"container\" data-e-type=\"container\" data-settings=\"{&quot;background_background&quot;:&quot;classic&quot;}\">\n\t\t\t\t\t<div class=\"e-con-inner\">\n\t\t<div class=\"elementor-element elementor-element-113b407e e-con-full e-flex e-con e-child\" data-id=\"113b407e\" data-element_type=\"container\" data-e-type=\"container\">\n\t\t<div class=\"elementor-element elementor-element-5b109a05 e-con-full e-flex e-con e-child\" data-id=\"5b109a05\" data-element_type=\"container\" data-e-type=\"container\">\n\t\t\t\t<div class=\"elementor-element elementor-element-7b0ef9e elementor-mobile-align-center elementor-widget elementor-widget-button\" data-id=\"7b0ef9e\" data-element_type=\"widget\" data-e-type=\"widget\" id=\"go-back\" data-widget_type=\"button.default\">\n\t\t\t\t\t\t\t\t\t\t<a class=\"elementor-button elementor-button-link elementor-size-sm\" href=\"#\">\n\t\t\t\t\t\t<span class=\"elementor-button-content-wrapper\">\n\t\t\t\t\t\t<span class=\"elementor-button-icon\">\n\t\t\t\t<svg aria-hidden=\"true\" class=\"e-font-icon-svg e-far-arrow-alt-circle-left\" viewbox=\"0 0 512 512\" xmlns=\"http:\/\/www.w3.org\/2000\/svg\"><path d=\"M8 256c0 137 111 248 248 248s248-111 248-248S393 8 256 8 8 119 8 256zm448 0c0 110.5-89.5 200-200 200S56 366.5 56 256 145.5 56 256 56s200 89.5 200 200zm-72-20v40c0 6.6-5.4 12-12 12H256v67c0 10.7-12.9 16-20.5 8.5l-99-99c-4.7-4.7-4.7-12.3 0-17l99-99c7.6-7.6 20.5-2.2 20.5 8.5v67h116c6.6 0 12 5.4 12 12z\"><\/path><\/svg>\t\t\t<\/span>\n\t\t\t\t\t\t\t\t\t<span class=\"elementor-button-text\">Wr\u00f3\u0107<\/span>\n\t\t\t\t\t<\/span>\n\t\t\t\t\t<\/a>\n\t\t\t\t\t\t\t\t<\/div>\n\t\t\t\t<div class=\"elementor-element elementor-element-f030107 elementor-widget elementor-widget-html\" data-id=\"f030107\" data-element_type=\"widget\" data-e-type=\"widget\" data-widget_type=\"html.default\">\n\t\t\t\t\t<script type=\"text\/javascript\">\n    jQuery(document).ready(function() {\n        jQuery('#go-back').on('click', function() {\n            window.history.go(-1);\n            return false;\n        });\n    });\n<\/script>\t\t\t\t<\/div>\n\t\t\t\t<div class=\"elementor-element elementor-element-7deb3362 elementor-hidden-tablet elementor-hidden-mobile elementor-widget elementor-widget-image\" data-id=\"7deb3362\" data-element_type=\"widget\" data-e-type=\"widget\" data-widget_type=\"image.default\">\n\t\t\t\t\t\t\t\t\t\t\t\t\t\t\t<img decoding=\"async\" width=\"90\" height=\"150\" src=\"https:\/\/magenta-vision.com\/wp-content\/uploads\/2025\/09\/Projekt-bez-nazwy-60.png\" class=\"attachment-thumbnail size-thumbnail wp-image-4389\" alt=\"\" \/>\t\t\t\t\t\t\t\t\t\t\t\t\t\t\t<\/div>\n\t\t\t\t<div class=\"elementor-element elementor-element-876d6ce elementor-hidden-desktop elementor-widget elementor-widget-image\" data-id=\"876d6ce\" data-element_type=\"widget\" data-e-type=\"widget\" data-widget_type=\"image.default\">\n\t\t\t\t\t\t\t\t\t\t\t\t\t\t\t<img decoding=\"async\" width=\"90\" height=\"150\" src=\"https:\/\/magenta-vision.com\/wp-content\/uploads\/2025\/09\/Projekt-bez-nazwy-60.png\" class=\"attachment-thumbnail size-thumbnail wp-image-4389\" alt=\"\" \/>\t\t\t\t\t\t\t\t\t\t\t\t\t\t\t<\/div>\n\t\t\t\t<\/div>\n\t\t\t\t<\/div>\n\t\t\t\t\t<\/div>\n\t\t\t\t<\/div>\n\t\t<div class=\"elementor-element elementor-element-65c7b55b e-flex e-con-boxed e-con e-parent\" data-id=\"65c7b55b\" data-element_type=\"container\" data-e-type=\"container\" data-settings=\"{&quot;background_background&quot;:&quot;classic&quot;}\">\n\t\t\t\t\t<div class=\"e-con-inner\">\n\t\t<div class=\"elementor-element elementor-element-7a3788ad e-con-full e-flex e-con e-child\" data-id=\"7a3788ad\" data-element_type=\"container\" data-e-type=\"container\">\n\t\t<div class=\"elementor-element elementor-element-182d94ab e-con-full e-flex e-con e-child\" data-id=\"182d94ab\" data-element_type=\"container\" data-e-type=\"container\">\n\t\t\t\t<div class=\"elementor-element elementor-element-379b0b74 elementor-widget elementor-widget-heading\" data-id=\"379b0b74\" data-element_type=\"widget\" data-e-type=\"widget\" data-widget_type=\"heading.default\">\n\t\t\t\t\t<h3 class=\"elementor-heading-title elementor-size-default\">Onyx<\/h3>\t\t\t\t<\/div>\n\t\t\t\t<\/div>\n\t\t\t\t<\/div>\n\t\t<div class=\"elementor-element elementor-element-366ccf8e e-con-full e-flex e-con e-child\" data-id=\"366ccf8e\" data-element_type=\"container\" data-e-type=\"container\">\n\t\t<div class=\"elementor-element elementor-element-3fe4e1a0 e-con-full e-flex e-con e-child\" data-id=\"3fe4e1a0\" data-element_type=\"container\" data-e-type=\"container\">\n\t\t\t\t<div class=\"elementor-element elementor-element-17bc8478 elementor-widget elementor-widget-text-editor\" data-id=\"17bc8478\" data-element_type=\"widget\" data-e-type=\"widget\" data-widget_type=\"text-editor.default\">\n\t\t\t\t\t\t\t\t\t<p>ONYX to profesjonalne rozwi\u0105zanie RIP, stworzone z my\u015bl\u0105 o wysokowydajnym druku wielkoformatowym. Dzi\u0119ki zaawansowanym funkcjom zarz\u0105dzania kolorami ONYX zapewnia wyj\u0105tkow\u0105 precyzj\u0119, sp\u00f3jno\u015b\u0107 i najwy\u017csz\u0105 jako\u015b\u0107 wydruk\u00f3w w ka\u017cdym \u015brodowisku druku cyfrowego.<\/p><p><img fetchpriority=\"high\" decoding=\"async\" class=\"alignnone wp-image-4390 size-full\" src=\"https:\/\/magenta-vision.com\/wp-content\/uploads\/2025\/09\/PHOTOS-20-x-20-cm-9.png\" alt=\"\" width=\"2000\" height=\"2000\" \/><\/p><p><strong>G\u0142\u00f3wne zalety<\/strong><\/p><ul><li>Profesjonalne profilowanie ICC dla sp\u00f3jnych kolor\u00f3w<\/li><li>Colorways do szybkiej zamiany kolor\u00f3w i zachowania zgodno\u015bci z identyfikacj\u0105 wizualn\u0105<\/li><li>Automatyczne generowanie wzornik\u00f3w kolorystycznych dla usprawnionego dopasowania kolor\u00f3w<\/li><li>Narz\u0119dzia step-and-repeat do efektywnej produkcji powtarzalnych wzor\u00f3w<\/li><li>ColorCheck do weryfikacji dok\u0142adno\u015bci wydruk\u00f3w i wydajno\u015bci pracy plotera<\/li><li>AccuBoost dla zwi\u0119kszonej ostro\u015bci obrazu i wiernego odwzorowania detali<\/li><li>PosterColor 2.0 dla mocnych, \u017cywych kolor\u00f3w o du\u017cym efekcie wizualnym<\/li><li>Profile DeviceLink+ dla p\u0142ynniejszych przej\u015b\u0107 tonalnych i ni\u017cszego zu\u017cycia atramentu<\/li><\/ul>\t\t\t\t\t\t\t\t<\/div>\n\t\t\t\t<\/div>\n\t\t\t\t<\/div>\n\t\t<div class=\"elementor-element elementor-element-1d617e09 e-con-full e-flex e-con e-child\" data-id=\"1d617e09\" data-element_type=\"container\" data-e-type=\"container\">\n\t\t\t\t<div class=\"elementor-element elementor-element-1041d19f elementor-align-center elementor-widget elementor-widget-button\" data-id=\"1041d19f\" data-element_type=\"widget\" data-e-type=\"widget\" data-widget_type=\"button.default\">\n\t\t\t\t\t\t\t\t\t\t<a class=\"elementor-button elementor-button-link elementor-size-sm\" href=\"https:\/\/magenta-vision.com\/pl\/contact\/\">\n\t\t\t\t\t\t<span class=\"elementor-button-content-wrapper\">\n\t\t\t\t\t\t\t\t\t<span class=\"elementor-button-text\">OTRZYMAJ WYCEN\u0118<\/span>\n\t\t\t\t\t<\/span>\n\t\t\t\t\t<\/a>\n\t\t\t\t\t\t\t\t<\/div>\n\t\t\t\t<\/div>\n\t\t\t\t\t<\/div>\n\t\t\t\t<\/div>\n\t\t\t\t<\/div>","protected":false},"excerpt":{"rendered":"<p>Software Software Go back Onyx ONYX is a professional RIP solution engineered for high-performance wide-format printing. With advanced color-management capabilities, ONYX delivers exceptional accuracy, consistency, and print quality across all digital print environments. Key benefits Professional ICC profiling for consistent, predictable color Colorways for fast color replacement and branding accuracy Automated swatch book generation for [&hellip;]<\/p>\n","protected":false},"author":1,"featured_media":0,"parent":0,"menu_order":0,"comment_status":"closed","ping_status":"closed","template":"","meta":{"site-sidebar-layout":"no-sidebar","site-content-layout":"page-builder","ast-site-content-layout":"full-width-container","site-content-style":"default","site-sidebar-style":"default","ast-global-header-display":"","ast-banner-title-visibility":"","ast-main-header-display":"","ast-hfb-above-header-display":"","ast-hfb-below-header-display":"","ast-hfb-mobile-header-display":"","site-post-title":"disabled","ast-breadcrumbs-content":"","ast-featured-img":"disabled","footer-sml-layout":"","theme-transparent-header-meta":"","adv-header-id-meta":"","stick-header-meta":"","header-above-stick-meta":"","header-main-stick-meta":"","header-below-stick-meta":"","astra-migrate-meta-layouts":"default","ast-page-background-enabled":"default","ast-page-background-meta":{"desktop":{"background-color":"","background-image":"","background-repeat":"repeat","background-position":"center center","background-size":"auto","background-attachment":"scroll","background-type":"","background-media":"","overlay-type":"","overlay-color":"","overlay-opacity":"","overlay-gradient":""},"tablet":{"background-color":"","background-image":"","background-repeat":"repeat","background-position":"center center","background-size":"auto","background-attachment":"scroll","background-type":"","background-media":"","overlay-type":"","overlay-color":"","overlay-opacity":"","overlay-gradient":""},"mobile":{"background-color":"","background-image":"","background-repeat":"repeat","background-position":"center center","background-size":"auto","background-attachment":"scroll","background-type":"","background-media":"","overlay-type":"","overlay-color":"","overlay-opacity":"","overlay-gradient":""}},"ast-content-background-meta":{"desktop":{"background-color":"var(--ast-global-color-5)","background-image":"","background-repeat":"repeat","background-position":"center center","background-size":"auto","background-attachment":"scroll","background-type":"","background-media":"","overlay-type":"","overlay-color":"","overlay-opacity":"","overlay-gradient":""},"tablet":{"background-color":"var(--ast-global-color-5)","background-image":"","background-repeat":"repeat","background-position":"center center","background-size":"auto","background-attachment":"scroll","background-type":"","background-media":"","overlay-type":"","overlay-color":"","overlay-opacity":"","overlay-gradient":""},"mobile":{"background-color":"var(--ast-global-color-5)","background-image":"","background-repeat":"repeat","background-position":"center center","background-size":"auto","background-attachment":"scroll","background-type":"","background-media":"","overlay-type":"","overlay-color":"","overlay-opacity":"","overlay-gradient":""}},"footnotes":""},"class_list":["post-3211","page","type-page","status-publish","hentry"],"yoast_head":"<!-- This site is optimized with the Yoast SEO plugin v27.5 - https:\/\/yoast.com\/product\/yoast-seo-wordpress\/ -->\n<title>Onyx - Magenta Vision<\/title>\n<meta name=\"robots\" content=\"index, follow, max-snippet:-1, max-image-preview:large, max-video-preview:-1\" \/>\n<link rel=\"canonical\" href=\"https:\/\/magenta-vision.com\/pl\/onyx\/\" \/>\n<meta property=\"og:locale\" content=\"pl_PL\" \/>\n<meta property=\"og:type\" content=\"article\" \/>\n<meta property=\"og:title\" content=\"Onyx - Magenta Vision\" \/>\n<meta property=\"og:description\" content=\"Software Software Go back Onyx ONYX is a professional RIP solution engineered for high-performance wide-format printing. With advanced color-management capabilities, ONYX delivers exceptional accuracy, consistency, and print quality across all digital print environments. Key benefits Professional ICC profiling for consistent, predictable color Colorways for fast color replacement and branding accuracy Automated swatch book generation for [&hellip;]\" \/>\n<meta property=\"og:url\" content=\"https:\/\/magenta-vision.com\/pl\/onyx\/\" \/>\n<meta property=\"og:site_name\" content=\"Magenta Vision\" \/>\n<meta property=\"article:publisher\" content=\"https:\/\/www.facebook.com\/MagentaVision\/?locale=pl_PL\" \/>\n<meta property=\"article:modified_time\" content=\"2025-12-02T08:41:01+00:00\" \/>\n<meta property=\"og:image\" content=\"https:\/\/magenta-vision.com\/wp-content\/uploads\/2025\/09\/Projekt-bez-nazwy-60.png\" \/>\n\t<meta property=\"og:image:width\" content=\"901\" \/>\n\t<meta property=\"og:image:height\" content=\"1500\" \/>\n\t<meta property=\"og:image:type\" content=\"image\/png\" \/>\n<meta name=\"twitter:card\" content=\"summary_large_image\" \/>\n<script type=\"application\/ld+json\" class=\"yoast-schema-graph\">{\"@context\":\"https:\\\/\\\/schema.org\",\"@graph\":[{\"@type\":\"WebPage\",\"@id\":\"https:\\\/\\\/magenta-vision.com\\\/onyx\\\/\",\"url\":\"https:\\\/\\\/magenta-vision.com\\\/onyx\\\/\",\"name\":\"Onyx - Magenta Vision\",\"isPartOf\":{\"@id\":\"https:\\\/\\\/magenta-vision.com\\\/#website\"},\"primaryImageOfPage\":{\"@id\":\"https:\\\/\\\/magenta-vision.com\\\/onyx\\\/#primaryimage\"},\"image\":{\"@id\":\"https:\\\/\\\/magenta-vision.com\\\/onyx\\\/#primaryimage\"},\"thumbnailUrl\":\"https:\\\/\\\/magenta-vision.com\\\/wp-content\\\/uploads\\\/2025\\\/09\\\/Projekt-bez-nazwy-60.png\",\"datePublished\":\"2025-07-25T08:31:56+00:00\",\"dateModified\":\"2025-12-02T08:41:01+00:00\",\"breadcrumb\":{\"@id\":\"https:\\\/\\\/magenta-vision.com\\\/onyx\\\/#breadcrumb\"},\"inLanguage\":\"pl-PL\",\"potentialAction\":[{\"@type\":\"ReadAction\",\"target\":[\"https:\\\/\\\/magenta-vision.com\\\/onyx\\\/\"]}]},{\"@type\":\"ImageObject\",\"inLanguage\":\"pl-PL\",\"@id\":\"https:\\\/\\\/magenta-vision.com\\\/onyx\\\/#primaryimage\",\"url\":\"https:\\\/\\\/magenta-vision.com\\\/wp-content\\\/uploads\\\/2025\\\/09\\\/Projekt-bez-nazwy-60.png\",\"contentUrl\":\"https:\\\/\\\/magenta-vision.com\\\/wp-content\\\/uploads\\\/2025\\\/09\\\/Projekt-bez-nazwy-60.png\"},{\"@type\":\"BreadcrumbList\",\"@id\":\"https:\\\/\\\/magenta-vision.com\\\/onyx\\\/#breadcrumb\",\"itemListElement\":[{\"@type\":\"ListItem\",\"position\":1,\"name\":\"Home\",\"item\":\"https:\\\/\\\/magenta-vision.com\\\/\"},{\"@type\":\"ListItem\",\"position\":2,\"name\":\"Onyx\"}]},{\"@type\":\"WebSite\",\"@id\":\"https:\\\/\\\/magenta-vision.com\\\/#website\",\"url\":\"https:\\\/\\\/magenta-vision.com\\\/\",\"name\":\"Magenta Vision\",\"description\":\"Advanced Printing Solutions\",\"publisher\":{\"@id\":\"https:\\\/\\\/magenta-vision.com\\\/#organization\"},\"alternateName\":\"Magenta Vision\",\"potentialAction\":[{\"@type\":\"SearchAction\",\"target\":{\"@type\":\"EntryPoint\",\"urlTemplate\":\"https:\\\/\\\/magenta-vision.com\\\/?s={search_term_string}\"},\"query-input\":{\"@type\":\"PropertyValueSpecification\",\"valueRequired\":true,\"valueName\":\"search_term_string\"}}],\"inLanguage\":\"pl-PL\"},{\"@type\":\"Organization\",\"@id\":\"https:\\\/\\\/magenta-vision.com\\\/#organization\",\"name\":\"Magenta Vision\",\"url\":\"https:\\\/\\\/magenta-vision.com\\\/\",\"logo\":{\"@type\":\"ImageObject\",\"inLanguage\":\"pl-PL\",\"@id\":\"https:\\\/\\\/magenta-vision.com\\\/#\\\/schema\\\/logo\\\/image\\\/\",\"url\":\"https:\\\/\\\/magenta-vision.com\\\/wp-content\\\/uploads\\\/2025\\\/10\\\/magenta_logo-4.svg\",\"contentUrl\":\"https:\\\/\\\/magenta-vision.com\\\/wp-content\\\/uploads\\\/2025\\\/10\\\/magenta_logo-4.svg\",\"caption\":\"Magenta Vision\"},\"image\":{\"@id\":\"https:\\\/\\\/magenta-vision.com\\\/#\\\/schema\\\/logo\\\/image\\\/\"},\"sameAs\":[\"https:\\\/\\\/www.facebook.com\\\/MagentaVision\\\/?locale=pl_PL\",\"https:\\\/\\\/www.linkedin.com\\\/company\\\/magenta-vision\",\"https:\\\/\\\/www.youtube.com\\\/user\\\/MagentaVision\"]}]}<\/script>\n<!-- \/ Yoast SEO plugin. -->","yoast_head_json":{"title":"Onyx - Magenta Vision","robots":{"index":"index","follow":"follow","max-snippet":"max-snippet:-1","max-image-preview":"max-image-preview:large","max-video-preview":"max-video-preview:-1"},"canonical":"https:\/\/magenta-vision.com\/pl\/onyx\/","og_locale":"pl_PL","og_type":"article","og_title":"Onyx - Magenta Vision","og_description":"Software Software Go back Onyx ONYX is a professional RIP solution engineered for high-performance wide-format printing. With advanced color-management capabilities, ONYX delivers exceptional accuracy, consistency, and print quality across all digital print environments. Key benefits Professional ICC profiling for consistent, predictable color Colorways for fast color replacement and branding accuracy Automated swatch book generation for [&hellip;]","og_url":"https:\/\/magenta-vision.com\/pl\/onyx\/","og_site_name":"Magenta Vision","article_publisher":"https:\/\/www.facebook.com\/MagentaVision\/?locale=pl_PL","article_modified_time":"2025-12-02T08:41:01+00:00","og_image":[{"width":901,"height":1500,"url":"https:\/\/magenta-vision.com\/wp-content\/uploads\/2025\/09\/Projekt-bez-nazwy-60.png","type":"image\/png"}],"twitter_card":"summary_large_image","schema":{"@context":"https:\/\/schema.org","@graph":[{"@type":"WebPage","@id":"https:\/\/magenta-vision.com\/onyx\/","url":"https:\/\/magenta-vision.com\/onyx\/","name":"Onyx - Magenta Vision","isPartOf":{"@id":"https:\/\/magenta-vision.com\/#website"},"primaryImageOfPage":{"@id":"https:\/\/magenta-vision.com\/onyx\/#primaryimage"},"image":{"@id":"https:\/\/magenta-vision.com\/onyx\/#primaryimage"},"thumbnailUrl":"https:\/\/magenta-vision.com\/wp-content\/uploads\/2025\/09\/Projekt-bez-nazwy-60.png","datePublished":"2025-07-25T08:31:56+00:00","dateModified":"2025-12-02T08:41:01+00:00","breadcrumb":{"@id":"https:\/\/magenta-vision.com\/onyx\/#breadcrumb"},"inLanguage":"pl-PL","potentialAction":[{"@type":"ReadAction","target":["https:\/\/magenta-vision.com\/onyx\/"]}]},{"@type":"ImageObject","inLanguage":"pl-PL","@id":"https:\/\/magenta-vision.com\/onyx\/#primaryimage","url":"https:\/\/magenta-vision.com\/wp-content\/uploads\/2025\/09\/Projekt-bez-nazwy-60.png","contentUrl":"https:\/\/magenta-vision.com\/wp-content\/uploads\/2025\/09\/Projekt-bez-nazwy-60.png"},{"@type":"BreadcrumbList","@id":"https:\/\/magenta-vision.com\/onyx\/#breadcrumb","itemListElement":[{"@type":"ListItem","position":1,"name":"Home","item":"https:\/\/magenta-vision.com\/"},{"@type":"ListItem","position":2,"name":"Onyx"}]},{"@type":"WebSite","@id":"https:\/\/magenta-vision.com\/#website","url":"https:\/\/magenta-vision.com\/","name":"Magenta Vision","description":"Advanced Printing Solutions","publisher":{"@id":"https:\/\/magenta-vision.com\/#organization"},"alternateName":"Magenta Vision","potentialAction":[{"@type":"SearchAction","target":{"@type":"EntryPoint","urlTemplate":"https:\/\/magenta-vision.com\/?s={search_term_string}"},"query-input":{"@type":"PropertyValueSpecification","valueRequired":true,"valueName":"search_term_string"}}],"inLanguage":"pl-PL"},{"@type":"Organization","@id":"https:\/\/magenta-vision.com\/#organization","name":"Magenta Vision","url":"https:\/\/magenta-vision.com\/","logo":{"@type":"ImageObject","inLanguage":"pl-PL","@id":"https:\/\/magenta-vision.com\/#\/schema\/logo\/image\/","url":"https:\/\/magenta-vision.com\/wp-content\/uploads\/2025\/10\/magenta_logo-4.svg","contentUrl":"https:\/\/magenta-vision.com\/wp-content\/uploads\/2025\/10\/magenta_logo-4.svg","caption":"Magenta Vision"},"image":{"@id":"https:\/\/magenta-vision.com\/#\/schema\/logo\/image\/"},"sameAs":["https:\/\/www.facebook.com\/MagentaVision\/?locale=pl_PL","https:\/\/www.linkedin.com\/company\/magenta-vision","https:\/\/www.youtube.com\/user\/MagentaVision"]}]}},"_links":{"self":[{"href":"https:\/\/magenta-vision.com\/pl\/wp-json\/wp\/v2\/pages\/3211","targetHints":{"allow":["GET"]}}],"collection":[{"href":"https:\/\/magenta-vision.com\/pl\/wp-json\/wp\/v2\/pages"}],"about":[{"href":"https:\/\/magenta-vision.com\/pl\/wp-json\/wp\/v2\/types\/page"}],"author":[{"embeddable":true,"href":"https:\/\/magenta-vision.com\/pl\/wp-json\/wp\/v2\/users\/1"}],"replies":[{"embeddable":true,"href":"https:\/\/magenta-vision.com\/pl\/wp-json\/wp\/v2\/comments?post=3211"}],"version-history":[{"count":22,"href":"https:\/\/magenta-vision.com\/pl\/wp-json\/wp\/v2\/pages\/3211\/revisions"}],"predecessor-version":[{"id":7033,"href":"https:\/\/magenta-vision.com\/pl\/wp-json\/wp\/v2\/pages\/3211\/revisions\/7033"}],"wp:attachment":[{"href":"https:\/\/magenta-vision.com\/pl\/wp-json\/wp\/v2\/media?parent=3211"}],"curies":[{"name":"wp","href":"https:\/\/api.w.org\/{rel}","templated":true}]}}