{"id":3212,"date":"2025-07-25T08:31:56","date_gmt":"2025-07-25T08:31:56","guid":{"rendered":"https:\/\/magenta-vision.com\/?page_id=3212"},"modified":"2025-12-02T08:41:23","modified_gmt":"2025-12-02T08:41:23","slug":"caldera","status":"publish","type":"page","link":"https:\/\/magenta-vision.com\/pl\/caldera\/","title":{"rendered":"Caldera"},"content":{"rendered":"<div data-elementor-type=\"wp-page\" data-elementor-id=\"3212\" class=\"elementor elementor-3212\">\n\t\t\t\t<div class=\"elementor-element elementor-element-799ffda elementor-hidden-tablet elementor-hidden-mobile e-flex e-con-boxed e-con e-parent\" data-id=\"799ffda\" data-element_type=\"container\" data-e-type=\"container\" data-settings=\"{&quot;background_background&quot;:&quot;classic&quot;}\">\n\t\t\t\t\t<div class=\"e-con-inner\">\n\t\t<div class=\"elementor-element elementor-element-6a1655d e-con-full e-flex e-con e-child\" data-id=\"6a1655d\" data-element_type=\"container\" data-e-type=\"container\">\n\t\t\t\t<div class=\"elementor-element elementor-element-6e010cf elementor-widget elementor-widget-heading\" data-id=\"6e010cf\" data-element_type=\"widget\" data-e-type=\"widget\" data-widget_type=\"heading.default\">\n\t\t\t\t\t<h1 class=\"elementor-heading-title elementor-size-default\">Software<\/h1>\t\t\t\t<\/div>\n\t\t\t\t<div class=\"elementor-element elementor-element-ca95f19 elementor-widget-divider--view-line elementor-widget elementor-widget-divider\" data-id=\"ca95f19\" data-element_type=\"widget\" data-e-type=\"widget\" data-widget_type=\"divider.default\">\n\t\t\t\t\t\t\t<div class=\"elementor-divider\">\n\t\t\t<span class=\"elementor-divider-separator\">\n\t\t\t\t\t\t<\/span>\n\t\t<\/div>\n\t\t\t\t\t\t<\/div>\n\t\t\t\t<\/div>\n\t\t\t\t\t<\/div>\n\t\t\t\t<\/div>\n\t\t<div class=\"elementor-element elementor-element-67b0916 elementor-hidden-desktop e-flex e-con-boxed e-con e-parent\" data-id=\"67b0916\" data-element_type=\"container\" data-e-type=\"container\" data-settings=\"{&quot;background_background&quot;:&quot;classic&quot;}\">\n\t\t\t\t\t<div class=\"e-con-inner\">\n\t\t<div class=\"elementor-element elementor-element-0d1eb15 e-con-full e-flex e-con e-child\" data-id=\"0d1eb15\" data-element_type=\"container\" data-e-type=\"container\">\n\t\t\t\t<div class=\"elementor-element elementor-element-45317e5 elementor-widget elementor-widget-heading\" data-id=\"45317e5\" data-element_type=\"widget\" data-e-type=\"widget\" data-widget_type=\"heading.default\">\n\t\t\t\t\t<h1 class=\"elementor-heading-title elementor-size-default\">Software<\/h1>\t\t\t\t<\/div>\n\t\t\t\t<div class=\"elementor-element elementor-element-d6a57b3 elementor-widget-divider--view-line elementor-widget elementor-widget-divider\" data-id=\"d6a57b3\" data-element_type=\"widget\" data-e-type=\"widget\" data-widget_type=\"divider.default\">\n\t\t\t\t\t\t\t<div class=\"elementor-divider\">\n\t\t\t<span class=\"elementor-divider-separator\">\n\t\t\t\t\t\t<\/span>\n\t\t<\/div>\n\t\t\t\t\t\t<\/div>\n\t\t\t\t<\/div>\n\t\t\t\t\t<\/div>\n\t\t\t\t<\/div>\n\t\t<div class=\"elementor-element elementor-element-1f45c4f7 e-flex e-con-boxed e-con e-parent\" data-id=\"1f45c4f7\" data-element_type=\"container\" data-e-type=\"container\" data-settings=\"{&quot;background_background&quot;:&quot;classic&quot;}\">\n\t\t\t\t\t<div class=\"e-con-inner\">\n\t\t<div class=\"elementor-element elementor-element-24f84ced e-con-full e-flex e-con e-child\" data-id=\"24f84ced\" data-element_type=\"container\" data-e-type=\"container\">\n\t\t<div class=\"elementor-element elementor-element-24fed372 e-con-full e-flex e-con e-child\" data-id=\"24fed372\" data-element_type=\"container\" data-e-type=\"container\">\n\t\t\t\t<div class=\"elementor-element elementor-element-dc38436 elementor-mobile-align-center elementor-widget elementor-widget-button\" data-id=\"dc38436\" data-element_type=\"widget\" data-e-type=\"widget\" id=\"go-back\" data-widget_type=\"button.default\">\n\t\t\t\t\t\t\t\t\t\t<a class=\"elementor-button elementor-button-link elementor-size-sm\" href=\"#\">\n\t\t\t\t\t\t<span class=\"elementor-button-content-wrapper\">\n\t\t\t\t\t\t<span class=\"elementor-button-icon\">\n\t\t\t\t<svg aria-hidden=\"true\" class=\"e-font-icon-svg e-far-arrow-alt-circle-left\" viewbox=\"0 0 512 512\" xmlns=\"http:\/\/www.w3.org\/2000\/svg\"><path d=\"M8 256c0 137 111 248 248 248s248-111 248-248S393 8 256 8 8 119 8 256zm448 0c0 110.5-89.5 200-200 200S56 366.5 56 256 145.5 56 256 56s200 89.5 200 200zm-72-20v40c0 6.6-5.4 12-12 12H256v67c0 10.7-12.9 16-20.5 8.5l-99-99c-4.7-4.7-4.7-12.3 0-17l99-99c7.6-7.6 20.5-2.2 20.5 8.5v67h116c6.6 0 12 5.4 12 12z\"><\/path><\/svg>\t\t\t<\/span>\n\t\t\t\t\t\t\t\t\t<span class=\"elementor-button-text\">Wr\u00f3\u0107<\/span>\n\t\t\t\t\t<\/span>\n\t\t\t\t\t<\/a>\n\t\t\t\t\t\t\t\t<\/div>\n\t\t\t\t<div class=\"elementor-element elementor-element-82eb845 elementor-widget elementor-widget-html\" data-id=\"82eb845\" data-element_type=\"widget\" data-e-type=\"widget\" data-widget_type=\"html.default\">\n\t\t\t\t\t<script type=\"text\/javascript\">\n    jQuery(document).ready(function() {\n        jQuery('#go-back').on('click', function() {\n            window.history.go(-1);\n            return false;\n        });\n    });\n<\/script>\t\t\t\t<\/div>\n\t\t\t\t<div class=\"elementor-element elementor-element-7b90ef05 elementor-hidden-tablet elementor-hidden-mobile elementor-widget elementor-widget-image\" data-id=\"7b90ef05\" data-element_type=\"widget\" data-e-type=\"widget\" data-widget_type=\"image.default\">\n\t\t\t\t\t\t\t\t\t\t\t\t\t\t\t<img decoding=\"async\" width=\"90\" height=\"150\" src=\"https:\/\/magenta-vision.com\/wp-content\/uploads\/2025\/09\/Projekt-bez-nazwy-61.png\" class=\"attachment-thumbnail size-thumbnail wp-image-4398\" alt=\"\" \/>\t\t\t\t\t\t\t\t\t\t\t\t\t\t\t<\/div>\n\t\t\t\t<div class=\"elementor-element elementor-element-dbc7112 elementor-hidden-desktop elementor-widget elementor-widget-image\" data-id=\"dbc7112\" data-element_type=\"widget\" data-e-type=\"widget\" data-widget_type=\"image.default\">\n\t\t\t\t\t\t\t\t\t\t\t\t\t\t\t<img decoding=\"async\" width=\"90\" height=\"150\" src=\"https:\/\/magenta-vision.com\/wp-content\/uploads\/2025\/09\/Projekt-bez-nazwy-61.png\" class=\"attachment-thumbnail size-thumbnail wp-image-4398\" alt=\"\" \/>\t\t\t\t\t\t\t\t\t\t\t\t\t\t\t<\/div>\n\t\t\t\t<\/div>\n\t\t\t\t<\/div>\n\t\t\t\t\t<\/div>\n\t\t\t\t<\/div>\n\t\t<div class=\"elementor-element elementor-element-2bd803b5 e-flex e-con-boxed e-con e-parent\" data-id=\"2bd803b5\" data-element_type=\"container\" data-e-type=\"container\" data-settings=\"{&quot;background_background&quot;:&quot;classic&quot;}\">\n\t\t\t\t\t<div class=\"e-con-inner\">\n\t\t<div class=\"elementor-element elementor-element-1010e019 e-con-full e-flex e-con e-child\" data-id=\"1010e019\" data-element_type=\"container\" data-e-type=\"container\">\n\t\t<div class=\"elementor-element elementor-element-3993db2d e-con-full e-flex e-con e-child\" data-id=\"3993db2d\" data-element_type=\"container\" data-e-type=\"container\">\n\t\t\t\t<div class=\"elementor-element elementor-element-311d2d25 elementor-widget elementor-widget-heading\" data-id=\"311d2d25\" data-element_type=\"widget\" data-e-type=\"widget\" data-widget_type=\"heading.default\">\n\t\t\t\t\t<h3 class=\"elementor-heading-title elementor-size-default\">Caldera<\/h3>\t\t\t\t<\/div>\n\t\t\t\t<\/div>\n\t\t\t\t<\/div>\n\t\t<div class=\"elementor-element elementor-element-6f489944 e-con-full e-flex e-con e-child\" data-id=\"6f489944\" data-element_type=\"container\" data-e-type=\"container\">\n\t\t<div class=\"elementor-element elementor-element-72685908 e-con-full e-flex e-con e-child\" data-id=\"72685908\" data-element_type=\"container\" data-e-type=\"container\">\n\t\t\t\t<div class=\"elementor-element elementor-element-22552097 elementor-widget elementor-widget-text-editor\" data-id=\"22552097\" data-element_type=\"widget\" data-e-type=\"widget\" data-widget_type=\"text-editor.default\">\n\t\t\t\t\t\t\t\t\t<p>CalderaRIP to zaawansowane, w pe\u0142ni zintegrowane rozwi\u0105zanie RIP, stworzone do optymalizacji workflow druku i ci\u0119cia wielkoformatowego. Zaprojektowane do pracy w \u015brodowiskach o du\u017cej wydajno\u015bci, zapewnia automatyzacj\u0119 proces\u00f3w, precyzyjn\u0105 kontrol\u0119 kolor\u00f3w oraz zarz\u0105dzanie wieloma urz\u0105dzeniami \u2014 wszystko w ramach jednej, sp\u00f3jnej platformy.<\/p><p><strong>G\u0142\u00f3wne zalety<\/strong><\/p><ul><li>Zintegrowany workflow do zarz\u0105dzania wieloma ploterami i urz\u0105dzeniami tn\u0105cymi<\/li><li>Wysokoprecyzyjne zarz\u0105dzanie kolorami i profilowanie ICC<\/li><li>Zautomatyzowane narz\u0119dzia prepress dla szybszej i bezb\u0142\u0119dnej produkcji<\/li><li>Pot\u0119\u017cny silnik przetwarzania obrazu dla profesjonalnej jako\u015bci wydruk\u00f3w<\/li><li>Idealne do \u015brodowisk produkcji o du\u017cym zapotrzebowaniu i dla workflow korporacyjnych<\/li><li>W pe\u0142ni skalowalne rozwi\u0105zanie, kt\u00f3re rozwija si\u0119 wraz z Twoim biznesem<\/li><\/ul><p><strong>Rozwi\u0105zania Caldera<\/strong><\/p><p><img fetchpriority=\"high\" decoding=\"async\" class=\"alignnone wp-image-4399 size-full\" src=\"https:\/\/magenta-vision.com\/wp-content\/uploads\/2025\/09\/PHOTOS-20-x-20-cm-10.png\" alt=\"\" width=\"2000\" height=\"2000\" \/>\u00a0<\/p>\t\t\t\t\t\t\t\t<\/div>\n\t\t\t\t<\/div>\n\t\t\t\t<\/div>\n\t\t<div class=\"elementor-element elementor-element-10700052 e-con-full e-flex e-con e-child\" data-id=\"10700052\" data-element_type=\"container\" data-e-type=\"container\">\n\t\t\t\t<div class=\"elementor-element elementor-element-2f2f0425 elementor-align-center elementor-widget elementor-widget-button\" data-id=\"2f2f0425\" data-element_type=\"widget\" data-e-type=\"widget\" data-widget_type=\"button.default\">\n\t\t\t\t\t\t\t\t\t\t<a class=\"elementor-button elementor-button-link elementor-size-sm\" href=\"https:\/\/magenta-vision.com\/pl\/contact\/\">\n\t\t\t\t\t\t<span class=\"elementor-button-content-wrapper\">\n\t\t\t\t\t\t\t\t\t<span class=\"elementor-button-text\">OTRZYMAJ WYCEN\u0118<\/span>\n\t\t\t\t\t<\/span>\n\t\t\t\t\t<\/a>\n\t\t\t\t\t\t\t\t<\/div>\n\t\t\t\t<\/div>\n\t\t\t\t\t<\/div>\n\t\t\t\t<\/div>\n\t\t\t\t<\/div>","protected":false},"excerpt":{"rendered":"<p>Software Software Go back Caldera CalderaRIP is an advanced, fully integrated RIP solution built to optimize large-format print and cut workflows. Designed for high-volume production, Caldera delivers powerful automation, precise color control, and multi-device management \u2014 all from one unified interface. Key advantages Unified workflow for managing multiple printers and cutters High-precision color management and [&hellip;]<\/p>\n","protected":false},"author":1,"featured_media":0,"parent":0,"menu_order":0,"comment_status":"closed","ping_status":"closed","template":"","meta":{"site-sidebar-layout":"no-sidebar","site-content-layout":"page-builder","ast-site-content-layout":"full-width-container","site-content-style":"default","site-sidebar-style":"default","ast-global-header-display":"","ast-banner-title-visibility":"","ast-main-header-display":"","ast-hfb-above-header-display":"","ast-hfb-below-header-display":"","ast-hfb-mobile-header-display":"","site-post-title":"disabled","ast-breadcrumbs-content":"","ast-featured-img":"disabled","footer-sml-layout":"","theme-transparent-header-meta":"","adv-header-id-meta":"","stick-header-meta":"","header-above-stick-meta":"","header-main-stick-meta":"","header-below-stick-meta":"","astra-migrate-meta-layouts":"default","ast-page-background-enabled":"default","ast-page-background-meta":{"desktop":{"background-color":"","background-image":"","background-repeat":"repeat","background-position":"center center","background-size":"auto","background-attachment":"scroll","background-type":"","background-media":"","overlay-type":"","overlay-color":"","overlay-opacity":"","overlay-gradient":""},"tablet":{"background-color":"","background-image":"","background-repeat":"repeat","background-position":"center center","background-size":"auto","background-attachment":"scroll","background-type":"","background-media":"","overlay-type":"","overlay-color":"","overlay-opacity":"","overlay-gradient":""},"mobile":{"background-color":"","background-image":"","background-repeat":"repeat","background-position":"center center","background-size":"auto","background-attachment":"scroll","background-type":"","background-media":"","overlay-type":"","overlay-color":"","overlay-opacity":"","overlay-gradient":""}},"ast-content-background-meta":{"desktop":{"background-color":"var(--ast-global-color-5)","background-image":"","background-repeat":"repeat","background-position":"center center","background-size":"auto","background-attachment":"scroll","background-type":"","background-media":"","overlay-type":"","overlay-color":"","overlay-opacity":"","overlay-gradient":""},"tablet":{"background-color":"var(--ast-global-color-5)","background-image":"","background-repeat":"repeat","background-position":"center center","background-size":"auto","background-attachment":"scroll","background-type":"","background-media":"","overlay-type":"","overlay-color":"","overlay-opacity":"","overlay-gradient":""},"mobile":{"background-color":"var(--ast-global-color-5)","background-image":"","background-repeat":"repeat","background-position":"center center","background-size":"auto","background-attachment":"scroll","background-type":"","background-media":"","overlay-type":"","overlay-color":"","overlay-opacity":"","overlay-gradient":""}},"footnotes":""},"class_list":["post-3212","page","type-page","status-publish","hentry"],"yoast_head":"<!-- This site is optimized with the Yoast SEO plugin v27.5 - https:\/\/yoast.com\/product\/yoast-seo-wordpress\/ -->\n<title>Caldera - Magenta Vision<\/title>\n<meta name=\"robots\" content=\"index, follow, max-snippet:-1, max-image-preview:large, max-video-preview:-1\" \/>\n<link rel=\"canonical\" href=\"https:\/\/magenta-vision.com\/pl\/caldera\/\" \/>\n<meta property=\"og:locale\" content=\"pl_PL\" \/>\n<meta property=\"og:type\" content=\"article\" \/>\n<meta property=\"og:title\" content=\"Caldera - Magenta Vision\" \/>\n<meta property=\"og:description\" content=\"Software Software Go back Caldera CalderaRIP is an advanced, fully integrated RIP solution built to optimize large-format print and cut workflows. Designed for high-volume production, Caldera delivers powerful automation, precise color control, and multi-device management \u2014 all from one unified interface. Key advantages Unified workflow for managing multiple printers and cutters High-precision color management and [&hellip;]\" \/>\n<meta property=\"og:url\" content=\"https:\/\/magenta-vision.com\/pl\/caldera\/\" \/>\n<meta property=\"og:site_name\" content=\"Magenta Vision\" \/>\n<meta property=\"article:publisher\" content=\"https:\/\/www.facebook.com\/MagentaVision\/?locale=pl_PL\" \/>\n<meta property=\"article:modified_time\" content=\"2025-12-02T08:41:23+00:00\" \/>\n<meta property=\"og:image\" content=\"https:\/\/magenta-vision.com\/wp-content\/uploads\/2025\/09\/Projekt-bez-nazwy-61.png\" \/>\n\t<meta property=\"og:image:width\" content=\"901\" \/>\n\t<meta property=\"og:image:height\" content=\"1500\" \/>\n\t<meta property=\"og:image:type\" content=\"image\/png\" \/>\n<meta name=\"twitter:card\" content=\"summary_large_image\" \/>\n<script type=\"application\/ld+json\" class=\"yoast-schema-graph\">{\"@context\":\"https:\\\/\\\/schema.org\",\"@graph\":[{\"@type\":\"WebPage\",\"@id\":\"https:\\\/\\\/magenta-vision.com\\\/caldera\\\/\",\"url\":\"https:\\\/\\\/magenta-vision.com\\\/caldera\\\/\",\"name\":\"Caldera - Magenta Vision\",\"isPartOf\":{\"@id\":\"https:\\\/\\\/magenta-vision.com\\\/#website\"},\"primaryImageOfPage\":{\"@id\":\"https:\\\/\\\/magenta-vision.com\\\/caldera\\\/#primaryimage\"},\"image\":{\"@id\":\"https:\\\/\\\/magenta-vision.com\\\/caldera\\\/#primaryimage\"},\"thumbnailUrl\":\"https:\\\/\\\/magenta-vision.com\\\/wp-content\\\/uploads\\\/2025\\\/09\\\/Projekt-bez-nazwy-61.png\",\"datePublished\":\"2025-07-25T08:31:56+00:00\",\"dateModified\":\"2025-12-02T08:41:23+00:00\",\"breadcrumb\":{\"@id\":\"https:\\\/\\\/magenta-vision.com\\\/caldera\\\/#breadcrumb\"},\"inLanguage\":\"pl-PL\",\"potentialAction\":[{\"@type\":\"ReadAction\",\"target\":[\"https:\\\/\\\/magenta-vision.com\\\/caldera\\\/\"]}]},{\"@type\":\"ImageObject\",\"inLanguage\":\"pl-PL\",\"@id\":\"https:\\\/\\\/magenta-vision.com\\\/caldera\\\/#primaryimage\",\"url\":\"https:\\\/\\\/magenta-vision.com\\\/wp-content\\\/uploads\\\/2025\\\/09\\\/Projekt-bez-nazwy-61.png\",\"contentUrl\":\"https:\\\/\\\/magenta-vision.com\\\/wp-content\\\/uploads\\\/2025\\\/09\\\/Projekt-bez-nazwy-61.png\"},{\"@type\":\"BreadcrumbList\",\"@id\":\"https:\\\/\\\/magenta-vision.com\\\/caldera\\\/#breadcrumb\",\"itemListElement\":[{\"@type\":\"ListItem\",\"position\":1,\"name\":\"Home\",\"item\":\"https:\\\/\\\/magenta-vision.com\\\/\"},{\"@type\":\"ListItem\",\"position\":2,\"name\":\"Caldera\"}]},{\"@type\":\"WebSite\",\"@id\":\"https:\\\/\\\/magenta-vision.com\\\/#website\",\"url\":\"https:\\\/\\\/magenta-vision.com\\\/\",\"name\":\"Magenta Vision\",\"description\":\"Advanced Printing Solutions\",\"publisher\":{\"@id\":\"https:\\\/\\\/magenta-vision.com\\\/#organization\"},\"alternateName\":\"Magenta Vision\",\"potentialAction\":[{\"@type\":\"SearchAction\",\"target\":{\"@type\":\"EntryPoint\",\"urlTemplate\":\"https:\\\/\\\/magenta-vision.com\\\/?s={search_term_string}\"},\"query-input\":{\"@type\":\"PropertyValueSpecification\",\"valueRequired\":true,\"valueName\":\"search_term_string\"}}],\"inLanguage\":\"pl-PL\"},{\"@type\":\"Organization\",\"@id\":\"https:\\\/\\\/magenta-vision.com\\\/#organization\",\"name\":\"Magenta Vision\",\"url\":\"https:\\\/\\\/magenta-vision.com\\\/\",\"logo\":{\"@type\":\"ImageObject\",\"inLanguage\":\"pl-PL\",\"@id\":\"https:\\\/\\\/magenta-vision.com\\\/#\\\/schema\\\/logo\\\/image\\\/\",\"url\":\"https:\\\/\\\/magenta-vision.com\\\/wp-content\\\/uploads\\\/2025\\\/10\\\/magenta_logo-4.svg\",\"contentUrl\":\"https:\\\/\\\/magenta-vision.com\\\/wp-content\\\/uploads\\\/2025\\\/10\\\/magenta_logo-4.svg\",\"caption\":\"Magenta Vision\"},\"image\":{\"@id\":\"https:\\\/\\\/magenta-vision.com\\\/#\\\/schema\\\/logo\\\/image\\\/\"},\"sameAs\":[\"https:\\\/\\\/www.facebook.com\\\/MagentaVision\\\/?locale=pl_PL\",\"https:\\\/\\\/www.linkedin.com\\\/company\\\/magenta-vision\",\"https:\\\/\\\/www.youtube.com\\\/user\\\/MagentaVision\"]}]}<\/script>\n<!-- \/ Yoast SEO plugin. -->","yoast_head_json":{"title":"Caldera - Magenta Vision","robots":{"index":"index","follow":"follow","max-snippet":"max-snippet:-1","max-image-preview":"max-image-preview:large","max-video-preview":"max-video-preview:-1"},"canonical":"https:\/\/magenta-vision.com\/pl\/caldera\/","og_locale":"pl_PL","og_type":"article","og_title":"Caldera - Magenta Vision","og_description":"Software Software Go back Caldera CalderaRIP is an advanced, fully integrated RIP solution built to optimize large-format print and cut workflows. Designed for high-volume production, Caldera delivers powerful automation, precise color control, and multi-device management \u2014 all from one unified interface. Key advantages Unified workflow for managing multiple printers and cutters High-precision color management and [&hellip;]","og_url":"https:\/\/magenta-vision.com\/pl\/caldera\/","og_site_name":"Magenta Vision","article_publisher":"https:\/\/www.facebook.com\/MagentaVision\/?locale=pl_PL","article_modified_time":"2025-12-02T08:41:23+00:00","og_image":[{"width":901,"height":1500,"url":"https:\/\/magenta-vision.com\/wp-content\/uploads\/2025\/09\/Projekt-bez-nazwy-61.png","type":"image\/png"}],"twitter_card":"summary_large_image","schema":{"@context":"https:\/\/schema.org","@graph":[{"@type":"WebPage","@id":"https:\/\/magenta-vision.com\/caldera\/","url":"https:\/\/magenta-vision.com\/caldera\/","name":"Caldera - Magenta Vision","isPartOf":{"@id":"https:\/\/magenta-vision.com\/#website"},"primaryImageOfPage":{"@id":"https:\/\/magenta-vision.com\/caldera\/#primaryimage"},"image":{"@id":"https:\/\/magenta-vision.com\/caldera\/#primaryimage"},"thumbnailUrl":"https:\/\/magenta-vision.com\/wp-content\/uploads\/2025\/09\/Projekt-bez-nazwy-61.png","datePublished":"2025-07-25T08:31:56+00:00","dateModified":"2025-12-02T08:41:23+00:00","breadcrumb":{"@id":"https:\/\/magenta-vision.com\/caldera\/#breadcrumb"},"inLanguage":"pl-PL","potentialAction":[{"@type":"ReadAction","target":["https:\/\/magenta-vision.com\/caldera\/"]}]},{"@type":"ImageObject","inLanguage":"pl-PL","@id":"https:\/\/magenta-vision.com\/caldera\/#primaryimage","url":"https:\/\/magenta-vision.com\/wp-content\/uploads\/2025\/09\/Projekt-bez-nazwy-61.png","contentUrl":"https:\/\/magenta-vision.com\/wp-content\/uploads\/2025\/09\/Projekt-bez-nazwy-61.png"},{"@type":"BreadcrumbList","@id":"https:\/\/magenta-vision.com\/caldera\/#breadcrumb","itemListElement":[{"@type":"ListItem","position":1,"name":"Home","item":"https:\/\/magenta-vision.com\/"},{"@type":"ListItem","position":2,"name":"Caldera"}]},{"@type":"WebSite","@id":"https:\/\/magenta-vision.com\/#website","url":"https:\/\/magenta-vision.com\/","name":"Magenta Vision","description":"Advanced Printing Solutions","publisher":{"@id":"https:\/\/magenta-vision.com\/#organization"},"alternateName":"Magenta Vision","potentialAction":[{"@type":"SearchAction","target":{"@type":"EntryPoint","urlTemplate":"https:\/\/magenta-vision.com\/?s={search_term_string}"},"query-input":{"@type":"PropertyValueSpecification","valueRequired":true,"valueName":"search_term_string"}}],"inLanguage":"pl-PL"},{"@type":"Organization","@id":"https:\/\/magenta-vision.com\/#organization","name":"Magenta Vision","url":"https:\/\/magenta-vision.com\/","logo":{"@type":"ImageObject","inLanguage":"pl-PL","@id":"https:\/\/magenta-vision.com\/#\/schema\/logo\/image\/","url":"https:\/\/magenta-vision.com\/wp-content\/uploads\/2025\/10\/magenta_logo-4.svg","contentUrl":"https:\/\/magenta-vision.com\/wp-content\/uploads\/2025\/10\/magenta_logo-4.svg","caption":"Magenta Vision"},"image":{"@id":"https:\/\/magenta-vision.com\/#\/schema\/logo\/image\/"},"sameAs":["https:\/\/www.facebook.com\/MagentaVision\/?locale=pl_PL","https:\/\/www.linkedin.com\/company\/magenta-vision","https:\/\/www.youtube.com\/user\/MagentaVision"]}]}},"_links":{"self":[{"href":"https:\/\/magenta-vision.com\/pl\/wp-json\/wp\/v2\/pages\/3212","targetHints":{"allow":["GET"]}}],"collection":[{"href":"https:\/\/magenta-vision.com\/pl\/wp-json\/wp\/v2\/pages"}],"about":[{"href":"https:\/\/magenta-vision.com\/pl\/wp-json\/wp\/v2\/types\/page"}],"author":[{"embeddable":true,"href":"https:\/\/magenta-vision.com\/pl\/wp-json\/wp\/v2\/users\/1"}],"replies":[{"embeddable":true,"href":"https:\/\/magenta-vision.com\/pl\/wp-json\/wp\/v2\/comments?post=3212"}],"version-history":[{"count":19,"href":"https:\/\/magenta-vision.com\/pl\/wp-json\/wp\/v2\/pages\/3212\/revisions"}],"predecessor-version":[{"id":7036,"href":"https:\/\/magenta-vision.com\/pl\/wp-json\/wp\/v2\/pages\/3212\/revisions\/7036"}],"wp:attachment":[{"href":"https:\/\/magenta-vision.com\/pl\/wp-json\/wp\/v2\/media?parent=3212"}],"curies":[{"name":"wp","href":"https:\/\/api.w.org\/{rel}","templated":true}]}}