{"id":3213,"date":"2025-07-25T08:31:56","date_gmt":"2025-07-25T08:31:56","guid":{"rendered":"https:\/\/magenta-vision.com\/?page_id=3213"},"modified":"2025-12-02T08:41:48","modified_gmt":"2025-12-02T08:41:48","slug":"sai","status":"publish","type":"page","link":"https:\/\/magenta-vision.com\/pl\/sai\/","title":{"rendered":"SAi"},"content":{"rendered":"<div data-elementor-type=\"wp-page\" data-elementor-id=\"3213\" class=\"elementor elementor-3213\">\n\t\t\t\t<div class=\"elementor-element elementor-element-235c290 elementor-hidden-tablet elementor-hidden-mobile e-flex e-con-boxed e-con e-parent\" data-id=\"235c290\" data-element_type=\"container\" data-e-type=\"container\" data-settings=\"{&quot;background_background&quot;:&quot;classic&quot;}\">\n\t\t\t\t\t<div class=\"e-con-inner\">\n\t\t<div class=\"elementor-element elementor-element-84dbdc2 e-con-full e-flex e-con e-child\" data-id=\"84dbdc2\" data-element_type=\"container\" data-e-type=\"container\">\n\t\t\t\t<div class=\"elementor-element elementor-element-b51146d elementor-widget elementor-widget-heading\" data-id=\"b51146d\" data-element_type=\"widget\" data-e-type=\"widget\" data-widget_type=\"heading.default\">\n\t\t\t\t\t<h1 class=\"elementor-heading-title elementor-size-default\">Software<\/h1>\t\t\t\t<\/div>\n\t\t\t\t<div class=\"elementor-element elementor-element-a054752 elementor-widget-divider--view-line elementor-widget elementor-widget-divider\" data-id=\"a054752\" data-element_type=\"widget\" data-e-type=\"widget\" data-widget_type=\"divider.default\">\n\t\t\t\t\t\t\t<div class=\"elementor-divider\">\n\t\t\t<span class=\"elementor-divider-separator\">\n\t\t\t\t\t\t<\/span>\n\t\t<\/div>\n\t\t\t\t\t\t<\/div>\n\t\t\t\t<\/div>\n\t\t\t\t\t<\/div>\n\t\t\t\t<\/div>\n\t\t<div class=\"elementor-element elementor-element-e58c194 elementor-hidden-desktop e-flex e-con-boxed e-con e-parent\" data-id=\"e58c194\" data-element_type=\"container\" data-e-type=\"container\" data-settings=\"{&quot;background_background&quot;:&quot;classic&quot;}\">\n\t\t\t\t\t<div class=\"e-con-inner\">\n\t\t<div class=\"elementor-element elementor-element-11e3ca9 e-con-full e-flex e-con e-child\" data-id=\"11e3ca9\" data-element_type=\"container\" data-e-type=\"container\">\n\t\t\t\t<div class=\"elementor-element elementor-element-ef9ab83 elementor-widget elementor-widget-heading\" data-id=\"ef9ab83\" data-element_type=\"widget\" data-e-type=\"widget\" data-widget_type=\"heading.default\">\n\t\t\t\t\t<h1 class=\"elementor-heading-title elementor-size-default\">Software<\/h1>\t\t\t\t<\/div>\n\t\t\t\t<div class=\"elementor-element elementor-element-af3f50a elementor-widget-divider--view-line elementor-widget elementor-widget-divider\" data-id=\"af3f50a\" data-element_type=\"widget\" data-e-type=\"widget\" data-widget_type=\"divider.default\">\n\t\t\t\t\t\t\t<div class=\"elementor-divider\">\n\t\t\t<span class=\"elementor-divider-separator\">\n\t\t\t\t\t\t<\/span>\n\t\t<\/div>\n\t\t\t\t\t\t<\/div>\n\t\t\t\t<\/div>\n\t\t\t\t\t<\/div>\n\t\t\t\t<\/div>\n\t\t<div class=\"elementor-element elementor-element-4cb1f65 e-flex e-con-boxed e-con e-parent\" data-id=\"4cb1f65\" data-element_type=\"container\" data-e-type=\"container\" data-settings=\"{&quot;background_background&quot;:&quot;classic&quot;}\">\n\t\t\t\t\t<div class=\"e-con-inner\">\n\t\t<div class=\"elementor-element elementor-element-5927b761 e-con-full e-flex e-con e-child\" data-id=\"5927b761\" data-element_type=\"container\" data-e-type=\"container\">\n\t\t<div class=\"elementor-element elementor-element-5a1d4687 e-con-full e-flex e-con e-child\" data-id=\"5a1d4687\" data-element_type=\"container\" data-e-type=\"container\">\n\t\t\t\t<div class=\"elementor-element elementor-element-09591e8 elementor-mobile-align-center elementor-widget elementor-widget-button\" data-id=\"09591e8\" data-element_type=\"widget\" data-e-type=\"widget\" id=\"go-back\" data-widget_type=\"button.default\">\n\t\t\t\t\t\t\t\t\t\t<a class=\"elementor-button elementor-button-link elementor-size-sm\" href=\"#\">\n\t\t\t\t\t\t<span class=\"elementor-button-content-wrapper\">\n\t\t\t\t\t\t<span class=\"elementor-button-icon\">\n\t\t\t\t<svg aria-hidden=\"true\" class=\"e-font-icon-svg e-far-arrow-alt-circle-left\" viewbox=\"0 0 512 512\" xmlns=\"http:\/\/www.w3.org\/2000\/svg\"><path d=\"M8 256c0 137 111 248 248 248s248-111 248-248S393 8 256 8 8 119 8 256zm448 0c0 110.5-89.5 200-200 200S56 366.5 56 256 145.5 56 256 56s200 89.5 200 200zm-72-20v40c0 6.6-5.4 12-12 12H256v67c0 10.7-12.9 16-20.5 8.5l-99-99c-4.7-4.7-4.7-12.3 0-17l99-99c7.6-7.6 20.5-2.2 20.5 8.5v67h116c6.6 0 12 5.4 12 12z\"><\/path><\/svg>\t\t\t<\/span>\n\t\t\t\t\t\t\t\t\t<span class=\"elementor-button-text\">Wr\u00f3\u0107<\/span>\n\t\t\t\t\t<\/span>\n\t\t\t\t\t<\/a>\n\t\t\t\t\t\t\t\t<\/div>\n\t\t\t\t<div class=\"elementor-element elementor-element-3590401 elementor-widget elementor-widget-html\" data-id=\"3590401\" data-element_type=\"widget\" data-e-type=\"widget\" data-widget_type=\"html.default\">\n\t\t\t\t\t<script type=\"text\/javascript\">\n    jQuery(document).ready(function() {\n        jQuery('#go-back').on('click', function() {\n            window.history.go(-1);\n            return false;\n        });\n    });\n<\/script>\t\t\t\t<\/div>\n\t\t\t\t<div class=\"elementor-element elementor-element-20cc8bc5 elementor-hidden-tablet elementor-hidden-mobile elementor-widget elementor-widget-image\" data-id=\"20cc8bc5\" data-element_type=\"widget\" data-e-type=\"widget\" data-widget_type=\"image.default\">\n\t\t\t\t\t\t\t\t\t\t\t\t\t\t\t<img decoding=\"async\" width=\"90\" height=\"150\" src=\"https:\/\/magenta-vision.com\/wp-content\/uploads\/2025\/09\/Projekt-bez-nazwy-62.png\" class=\"attachment-thumbnail size-thumbnail wp-image-4404\" alt=\"\" \/>\t\t\t\t\t\t\t\t\t\t\t\t\t\t\t<\/div>\n\t\t\t\t<div class=\"elementor-element elementor-element-2a14623 elementor-hidden-desktop elementor-widget elementor-widget-image\" data-id=\"2a14623\" data-element_type=\"widget\" data-e-type=\"widget\" data-widget_type=\"image.default\">\n\t\t\t\t\t\t\t\t\t\t\t\t\t\t\t<img decoding=\"async\" width=\"90\" height=\"150\" src=\"https:\/\/magenta-vision.com\/wp-content\/uploads\/2025\/09\/Projekt-bez-nazwy-62.png\" class=\"attachment-thumbnail size-thumbnail wp-image-4404\" alt=\"\" \/>\t\t\t\t\t\t\t\t\t\t\t\t\t\t\t<\/div>\n\t\t\t\t<\/div>\n\t\t\t\t<\/div>\n\t\t\t\t\t<\/div>\n\t\t\t\t<\/div>\n\t\t<div class=\"elementor-element elementor-element-775916fb e-flex e-con-boxed e-con e-parent\" data-id=\"775916fb\" data-element_type=\"container\" data-e-type=\"container\" data-settings=\"{&quot;background_background&quot;:&quot;classic&quot;}\">\n\t\t\t\t\t<div class=\"e-con-inner\">\n\t\t<div class=\"elementor-element elementor-element-7571749b e-con-full e-flex e-con e-child\" data-id=\"7571749b\" data-element_type=\"container\" data-e-type=\"container\">\n\t\t<div class=\"elementor-element elementor-element-50a5dc0d e-con-full e-flex e-con e-child\" data-id=\"50a5dc0d\" data-element_type=\"container\" data-e-type=\"container\">\n\t\t\t\t<div class=\"elementor-element elementor-element-63651ea3 elementor-widget elementor-widget-heading\" data-id=\"63651ea3\" data-element_type=\"widget\" data-e-type=\"widget\" data-widget_type=\"heading.default\">\n\t\t\t\t\t<h3 class=\"elementor-heading-title elementor-size-default\">SAi<\/h3>\t\t\t\t<\/div>\n\t\t\t\t<\/div>\n\t\t\t\t<\/div>\n\t\t<div class=\"elementor-element elementor-element-62373ba0 e-con-full e-flex e-con e-child\" data-id=\"62373ba0\" data-element_type=\"container\" data-e-type=\"container\">\n\t\t<div class=\"elementor-element elementor-element-41209d5e e-con-full e-flex e-con e-child\" data-id=\"41209d5e\" data-element_type=\"container\" data-e-type=\"container\">\n\t\t\t\t<div class=\"elementor-element elementor-element-429f715 elementor-widget elementor-widget-text-editor\" data-id=\"429f715\" data-element_type=\"widget\" data-e-type=\"widget\" data-widget_type=\"text-editor.default\">\n\t\t\t\t\t\t\t\t\t<p>SAi Flexi to kompleksowe rozwi\u0105zanie do projektowania, RIP, druku i ci\u0119cia, szeroko stosowane w bran\u017cy znak\u00f3w, grafiki i produkcji na ploterach. Zaprojektowane z my\u015bl\u0105 o wydajno\u015bci i prostocie obs\u0142ugi, Flexi oferuje zestaw narz\u0119dzi, kt\u00f3re upraszczaj\u0105 workflow i zwi\u0119kszaj\u0105 produktywno\u015b\u0107.<\/p><p><strong>Dlaczego profesjonali\u015bci wybieraj\u0105 SAi?<\/strong><\/p><ul><li>Intuicyjny interfejs z minimalnym czasem nauki<\/li><li>Pe\u0142en zestaw narz\u0119dzi do projektowania, RIP i ci\u0119cia w jednym oprogramowaniu<\/li><li>Optymalizowane presety dla zastosowa\u0144 w znakowaniu, druku i ci\u0119ciu na ploterach<\/li><li>Inteligentna automatyzacja workflow, redukuj\u0105ca r\u0119czne czynno\u015bci<\/li><li>Zaawansowane algorytmy oszcz\u0119dzania materia\u0142u i atramentu, obni\u017caj\u0105ce koszty<\/li><li>Skalowalne licencje dopasowane do ka\u017cdego rozmiaru produkcji<\/li><\/ul>\t\t\t\t\t\t\t\t<\/div>\n\t\t\t\t<\/div>\n\t\t\t\t<\/div>\n\t\t<div class=\"elementor-element elementor-element-3f9f341 e-con-full e-flex e-con e-child\" data-id=\"3f9f341\" data-element_type=\"container\" data-e-type=\"container\">\n\t\t\t\t<div class=\"elementor-element elementor-element-377b34ce elementor-align-center elementor-widget elementor-widget-button\" data-id=\"377b34ce\" data-element_type=\"widget\" data-e-type=\"widget\" data-widget_type=\"button.default\">\n\t\t\t\t\t\t\t\t\t\t<a class=\"elementor-button elementor-button-link elementor-size-sm\" href=\"https:\/\/magenta-vision.com\/pl\/contact\/\">\n\t\t\t\t\t\t<span class=\"elementor-button-content-wrapper\">\n\t\t\t\t\t\t\t\t\t<span class=\"elementor-button-text\">OTRZYMAJ WYCEN\u0118<\/span>\n\t\t\t\t\t<\/span>\n\t\t\t\t\t<\/a>\n\t\t\t\t\t\t\t\t<\/div>\n\t\t\t\t<\/div>\n\t\t\t\t\t<\/div>\n\t\t\t\t<\/div>\n\t\t\t\t<\/div>","protected":false},"excerpt":{"rendered":"<p>Software Software Go back SAi SAi Flexi is a complete all-in-one design, RIP, print, and cut solution widely used in signage, graphics, and production printing. Designed for performance and ease of use, Flexi offers a powerful suite of tools that simplify workflows and boost productivity. Why professionals choose SAi Intuitive interface with minimal learning curve [&hellip;]<\/p>\n","protected":false},"author":1,"featured_media":0,"parent":0,"menu_order":0,"comment_status":"closed","ping_status":"closed","template":"","meta":{"site-sidebar-layout":"no-sidebar","site-content-layout":"page-builder","ast-site-content-layout":"full-width-container","site-content-style":"default","site-sidebar-style":"default","ast-global-header-display":"","ast-banner-title-visibility":"","ast-main-header-display":"","ast-hfb-above-header-display":"","ast-hfb-below-header-display":"","ast-hfb-mobile-header-display":"","site-post-title":"disabled","ast-breadcrumbs-content":"","ast-featured-img":"disabled","footer-sml-layout":"","theme-transparent-header-meta":"","adv-header-id-meta":"","stick-header-meta":"","header-above-stick-meta":"","header-main-stick-meta":"","header-below-stick-meta":"","astra-migrate-meta-layouts":"default","ast-page-background-enabled":"default","ast-page-background-meta":{"desktop":{"background-color":"","background-image":"","background-repeat":"repeat","background-position":"center center","background-size":"auto","background-attachment":"scroll","background-type":"","background-media":"","overlay-type":"","overlay-color":"","overlay-opacity":"","overlay-gradient":""},"tablet":{"background-color":"","background-image":"","background-repeat":"repeat","background-position":"center center","background-size":"auto","background-attachment":"scroll","background-type":"","background-media":"","overlay-type":"","overlay-color":"","overlay-opacity":"","overlay-gradient":""},"mobile":{"background-color":"","background-image":"","background-repeat":"repeat","background-position":"center center","background-size":"auto","background-attachment":"scroll","background-type":"","background-media":"","overlay-type":"","overlay-color":"","overlay-opacity":"","overlay-gradient":""}},"ast-content-background-meta":{"desktop":{"background-color":"var(--ast-global-color-5)","background-image":"","background-repeat":"repeat","background-position":"center center","background-size":"auto","background-attachment":"scroll","background-type":"","background-media":"","overlay-type":"","overlay-color":"","overlay-opacity":"","overlay-gradient":""},"tablet":{"background-color":"var(--ast-global-color-5)","background-image":"","background-repeat":"repeat","background-position":"center center","background-size":"auto","background-attachment":"scroll","background-type":"","background-media":"","overlay-type":"","overlay-color":"","overlay-opacity":"","overlay-gradient":""},"mobile":{"background-color":"var(--ast-global-color-5)","background-image":"","background-repeat":"repeat","background-position":"center center","background-size":"auto","background-attachment":"scroll","background-type":"","background-media":"","overlay-type":"","overlay-color":"","overlay-opacity":"","overlay-gradient":""}},"footnotes":""},"class_list":["post-3213","page","type-page","status-publish","hentry"],"yoast_head":"<!-- This site is optimized with the Yoast SEO plugin v27.5 - https:\/\/yoast.com\/product\/yoast-seo-wordpress\/ -->\n<title>SAi - Magenta Vision<\/title>\n<meta name=\"robots\" content=\"index, follow, max-snippet:-1, max-image-preview:large, max-video-preview:-1\" \/>\n<link rel=\"canonical\" href=\"https:\/\/magenta-vision.com\/pl\/sai\/\" \/>\n<meta property=\"og:locale\" content=\"pl_PL\" \/>\n<meta property=\"og:type\" content=\"article\" \/>\n<meta property=\"og:title\" content=\"SAi - Magenta Vision\" \/>\n<meta property=\"og:description\" content=\"Software Software Go back SAi SAi Flexi is a complete all-in-one design, RIP, print, and cut solution widely used in signage, graphics, and production printing. Designed for performance and ease of use, Flexi offers a powerful suite of tools that simplify workflows and boost productivity. Why professionals choose SAi Intuitive interface with minimal learning curve [&hellip;]\" \/>\n<meta property=\"og:url\" content=\"https:\/\/magenta-vision.com\/pl\/sai\/\" \/>\n<meta property=\"og:site_name\" content=\"Magenta Vision\" \/>\n<meta property=\"article:publisher\" content=\"https:\/\/www.facebook.com\/MagentaVision\/?locale=pl_PL\" \/>\n<meta property=\"article:modified_time\" content=\"2025-12-02T08:41:48+00:00\" \/>\n<meta property=\"og:image\" content=\"https:\/\/magenta-vision.com\/wp-content\/uploads\/2025\/09\/Projekt-bez-nazwy-62.png\" \/>\n\t<meta property=\"og:image:width\" content=\"901\" \/>\n\t<meta property=\"og:image:height\" content=\"1500\" \/>\n\t<meta property=\"og:image:type\" content=\"image\/png\" \/>\n<meta name=\"twitter:card\" content=\"summary_large_image\" \/>\n<script type=\"application\/ld+json\" class=\"yoast-schema-graph\">{\"@context\":\"https:\\\/\\\/schema.org\",\"@graph\":[{\"@type\":\"WebPage\",\"@id\":\"https:\\\/\\\/magenta-vision.com\\\/sai\\\/\",\"url\":\"https:\\\/\\\/magenta-vision.com\\\/sai\\\/\",\"name\":\"SAi - Magenta Vision\",\"isPartOf\":{\"@id\":\"https:\\\/\\\/magenta-vision.com\\\/#website\"},\"primaryImageOfPage\":{\"@id\":\"https:\\\/\\\/magenta-vision.com\\\/sai\\\/#primaryimage\"},\"image\":{\"@id\":\"https:\\\/\\\/magenta-vision.com\\\/sai\\\/#primaryimage\"},\"thumbnailUrl\":\"https:\\\/\\\/magenta-vision.com\\\/wp-content\\\/uploads\\\/2025\\\/09\\\/Projekt-bez-nazwy-62.png\",\"datePublished\":\"2025-07-25T08:31:56+00:00\",\"dateModified\":\"2025-12-02T08:41:48+00:00\",\"breadcrumb\":{\"@id\":\"https:\\\/\\\/magenta-vision.com\\\/sai\\\/#breadcrumb\"},\"inLanguage\":\"pl-PL\",\"potentialAction\":[{\"@type\":\"ReadAction\",\"target\":[\"https:\\\/\\\/magenta-vision.com\\\/sai\\\/\"]}]},{\"@type\":\"ImageObject\",\"inLanguage\":\"pl-PL\",\"@id\":\"https:\\\/\\\/magenta-vision.com\\\/sai\\\/#primaryimage\",\"url\":\"https:\\\/\\\/magenta-vision.com\\\/wp-content\\\/uploads\\\/2025\\\/09\\\/Projekt-bez-nazwy-62.png\",\"contentUrl\":\"https:\\\/\\\/magenta-vision.com\\\/wp-content\\\/uploads\\\/2025\\\/09\\\/Projekt-bez-nazwy-62.png\"},{\"@type\":\"BreadcrumbList\",\"@id\":\"https:\\\/\\\/magenta-vision.com\\\/sai\\\/#breadcrumb\",\"itemListElement\":[{\"@type\":\"ListItem\",\"position\":1,\"name\":\"Home\",\"item\":\"https:\\\/\\\/magenta-vision.com\\\/\"},{\"@type\":\"ListItem\",\"position\":2,\"name\":\"SAi\"}]},{\"@type\":\"WebSite\",\"@id\":\"https:\\\/\\\/magenta-vision.com\\\/#website\",\"url\":\"https:\\\/\\\/magenta-vision.com\\\/\",\"name\":\"Magenta Vision\",\"description\":\"Advanced Printing Solutions\",\"publisher\":{\"@id\":\"https:\\\/\\\/magenta-vision.com\\\/#organization\"},\"alternateName\":\"Magenta Vision\",\"potentialAction\":[{\"@type\":\"SearchAction\",\"target\":{\"@type\":\"EntryPoint\",\"urlTemplate\":\"https:\\\/\\\/magenta-vision.com\\\/?s={search_term_string}\"},\"query-input\":{\"@type\":\"PropertyValueSpecification\",\"valueRequired\":true,\"valueName\":\"search_term_string\"}}],\"inLanguage\":\"pl-PL\"},{\"@type\":\"Organization\",\"@id\":\"https:\\\/\\\/magenta-vision.com\\\/#organization\",\"name\":\"Magenta Vision\",\"url\":\"https:\\\/\\\/magenta-vision.com\\\/\",\"logo\":{\"@type\":\"ImageObject\",\"inLanguage\":\"pl-PL\",\"@id\":\"https:\\\/\\\/magenta-vision.com\\\/#\\\/schema\\\/logo\\\/image\\\/\",\"url\":\"https:\\\/\\\/magenta-vision.com\\\/wp-content\\\/uploads\\\/2025\\\/10\\\/magenta_logo-4.svg\",\"contentUrl\":\"https:\\\/\\\/magenta-vision.com\\\/wp-content\\\/uploads\\\/2025\\\/10\\\/magenta_logo-4.svg\",\"caption\":\"Magenta Vision\"},\"image\":{\"@id\":\"https:\\\/\\\/magenta-vision.com\\\/#\\\/schema\\\/logo\\\/image\\\/\"},\"sameAs\":[\"https:\\\/\\\/www.facebook.com\\\/MagentaVision\\\/?locale=pl_PL\",\"https:\\\/\\\/www.linkedin.com\\\/company\\\/magenta-vision\",\"https:\\\/\\\/www.youtube.com\\\/user\\\/MagentaVision\"]}]}<\/script>\n<!-- \/ Yoast SEO plugin. -->","yoast_head_json":{"title":"SAi - Magenta Vision","robots":{"index":"index","follow":"follow","max-snippet":"max-snippet:-1","max-image-preview":"max-image-preview:large","max-video-preview":"max-video-preview:-1"},"canonical":"https:\/\/magenta-vision.com\/pl\/sai\/","og_locale":"pl_PL","og_type":"article","og_title":"SAi - Magenta Vision","og_description":"Software Software Go back SAi SAi Flexi is a complete all-in-one design, RIP, print, and cut solution widely used in signage, graphics, and production printing. Designed for performance and ease of use, Flexi offers a powerful suite of tools that simplify workflows and boost productivity. Why professionals choose SAi Intuitive interface with minimal learning curve [&hellip;]","og_url":"https:\/\/magenta-vision.com\/pl\/sai\/","og_site_name":"Magenta Vision","article_publisher":"https:\/\/www.facebook.com\/MagentaVision\/?locale=pl_PL","article_modified_time":"2025-12-02T08:41:48+00:00","og_image":[{"width":901,"height":1500,"url":"https:\/\/magenta-vision.com\/wp-content\/uploads\/2025\/09\/Projekt-bez-nazwy-62.png","type":"image\/png"}],"twitter_card":"summary_large_image","schema":{"@context":"https:\/\/schema.org","@graph":[{"@type":"WebPage","@id":"https:\/\/magenta-vision.com\/sai\/","url":"https:\/\/magenta-vision.com\/sai\/","name":"SAi - Magenta Vision","isPartOf":{"@id":"https:\/\/magenta-vision.com\/#website"},"primaryImageOfPage":{"@id":"https:\/\/magenta-vision.com\/sai\/#primaryimage"},"image":{"@id":"https:\/\/magenta-vision.com\/sai\/#primaryimage"},"thumbnailUrl":"https:\/\/magenta-vision.com\/wp-content\/uploads\/2025\/09\/Projekt-bez-nazwy-62.png","datePublished":"2025-07-25T08:31:56+00:00","dateModified":"2025-12-02T08:41:48+00:00","breadcrumb":{"@id":"https:\/\/magenta-vision.com\/sai\/#breadcrumb"},"inLanguage":"pl-PL","potentialAction":[{"@type":"ReadAction","target":["https:\/\/magenta-vision.com\/sai\/"]}]},{"@type":"ImageObject","inLanguage":"pl-PL","@id":"https:\/\/magenta-vision.com\/sai\/#primaryimage","url":"https:\/\/magenta-vision.com\/wp-content\/uploads\/2025\/09\/Projekt-bez-nazwy-62.png","contentUrl":"https:\/\/magenta-vision.com\/wp-content\/uploads\/2025\/09\/Projekt-bez-nazwy-62.png"},{"@type":"BreadcrumbList","@id":"https:\/\/magenta-vision.com\/sai\/#breadcrumb","itemListElement":[{"@type":"ListItem","position":1,"name":"Home","item":"https:\/\/magenta-vision.com\/"},{"@type":"ListItem","position":2,"name":"SAi"}]},{"@type":"WebSite","@id":"https:\/\/magenta-vision.com\/#website","url":"https:\/\/magenta-vision.com\/","name":"Magenta Vision","description":"Advanced Printing Solutions","publisher":{"@id":"https:\/\/magenta-vision.com\/#organization"},"alternateName":"Magenta Vision","potentialAction":[{"@type":"SearchAction","target":{"@type":"EntryPoint","urlTemplate":"https:\/\/magenta-vision.com\/?s={search_term_string}"},"query-input":{"@type":"PropertyValueSpecification","valueRequired":true,"valueName":"search_term_string"}}],"inLanguage":"pl-PL"},{"@type":"Organization","@id":"https:\/\/magenta-vision.com\/#organization","name":"Magenta Vision","url":"https:\/\/magenta-vision.com\/","logo":{"@type":"ImageObject","inLanguage":"pl-PL","@id":"https:\/\/magenta-vision.com\/#\/schema\/logo\/image\/","url":"https:\/\/magenta-vision.com\/wp-content\/uploads\/2025\/10\/magenta_logo-4.svg","contentUrl":"https:\/\/magenta-vision.com\/wp-content\/uploads\/2025\/10\/magenta_logo-4.svg","caption":"Magenta Vision"},"image":{"@id":"https:\/\/magenta-vision.com\/#\/schema\/logo\/image\/"},"sameAs":["https:\/\/www.facebook.com\/MagentaVision\/?locale=pl_PL","https:\/\/www.linkedin.com\/company\/magenta-vision","https:\/\/www.youtube.com\/user\/MagentaVision"]}]}},"_links":{"self":[{"href":"https:\/\/magenta-vision.com\/pl\/wp-json\/wp\/v2\/pages\/3213","targetHints":{"allow":["GET"]}}],"collection":[{"href":"https:\/\/magenta-vision.com\/pl\/wp-json\/wp\/v2\/pages"}],"about":[{"href":"https:\/\/magenta-vision.com\/pl\/wp-json\/wp\/v2\/types\/page"}],"author":[{"embeddable":true,"href":"https:\/\/magenta-vision.com\/pl\/wp-json\/wp\/v2\/users\/1"}],"replies":[{"embeddable":true,"href":"https:\/\/magenta-vision.com\/pl\/wp-json\/wp\/v2\/comments?post=3213"}],"version-history":[{"count":16,"href":"https:\/\/magenta-vision.com\/pl\/wp-json\/wp\/v2\/pages\/3213\/revisions"}],"predecessor-version":[{"id":7039,"href":"https:\/\/magenta-vision.com\/pl\/wp-json\/wp\/v2\/pages\/3213\/revisions\/7039"}],"wp:attachment":[{"href":"https:\/\/magenta-vision.com\/pl\/wp-json\/wp\/v2\/media?parent=3213"}],"curies":[{"name":"wp","href":"https:\/\/api.w.org\/{rel}","templated":true}]}}