{"id":4490,"date":"2025-09-29T07:48:49","date_gmt":"2025-09-29T07:48:49","guid":{"rendered":"https:\/\/magenta-vision.com\/?page_id=4490"},"modified":"2025-09-29T08:05:30","modified_gmt":"2025-09-29T08:05:30","slug":"privacy-policy-2","status":"publish","type":"page","link":"https:\/\/magenta-vision.com\/pl\/privacy-policy-2\/","title":{"rendered":"Polityka Prywatno\u015bci"},"content":{"rendered":"<div data-elementor-type=\"wp-page\" data-elementor-id=\"4490\" class=\"elementor elementor-4490\">\n\t\t\t\t<div class=\"elementor-element elementor-element-51e1fa2c e-flex e-con-boxed e-con e-parent\" data-id=\"51e1fa2c\" data-element_type=\"container\" data-e-type=\"container\" data-settings=\"{&quot;background_background&quot;:&quot;classic&quot;}\">\n\t\t\t\t\t<div class=\"e-con-inner\">\n\t\t<div class=\"elementor-element elementor-element-3ede3951 e-con-full e-flex e-con e-child\" data-id=\"3ede3951\" data-element_type=\"container\" data-e-type=\"container\">\n\t\t\t\t<div class=\"elementor-element elementor-element-a3b5407 elementor-widget elementor-widget-heading\" data-id=\"a3b5407\" data-element_type=\"widget\" data-e-type=\"widget\" data-widget_type=\"heading.default\">\n\t\t\t\t\t<h2 class=\"elementor-heading-title elementor-size-default\">Polityka Prywatno\u015bci<\/h2>\t\t\t\t<\/div>\n\t\t\t\t<\/div>\n\t\t<div class=\"elementor-element elementor-element-69b3676 e-con-full e-flex e-con e-child\" data-id=\"69b3676\" data-element_type=\"container\" data-e-type=\"container\">\n\t\t\t\t<div class=\"elementor-element elementor-element-a9ec852 elementor-widget elementor-widget-heading\" data-id=\"a9ec852\" data-element_type=\"widget\" data-e-type=\"widget\" data-widget_type=\"heading.default\">\n\t\t\t\t\t<h2 class=\"elementor-heading-title elementor-size-default\">1. DEFINICJE <br>\n\nAdministrator \u2013 administrator serwisu \u201eChespa\u201d (www.chespa.eu\n) to Chespa sp. z o.o., z siedzib\u0105 w PL-47-316 Chorula, ul. Opolska 10A, NIP 755-18-20-932, REGON 532341367.\nU\u017cytkownik \u2013 podmiot korzystaj\u0105cy z Serwisu, us\u0142ug telekomunikacyjnych lub zg\u0142aszaj\u0105cy zapotrzebowanie na ich \u015bwiadczenie.\nStrona internetowa \u2013 dokument HTML (plik tekstowy odczytywany przez przegl\u0105dark\u0119) dost\u0119pny w Internecie za po\u015brednictwem serwera WWW\n.\nOperator Serwisu \u2013 podmiot prowadz\u0105cy stron\u0119 na w\u0142asnych serwerach, nie b\u0119d\u0105cy Administratorem; operatorem serwisu \u201eChespa\u201d jest Administrator.\nSerwis \u2013 grupa powi\u0105zanych ze sob\u0105 us\u0142ug maj\u0105cych na celu poszerzenie funkcjonalno\u015bci stron dzia\u0142aj\u0105cych w domenie www.chespa.eu\n.\nTerminal \u2013 urz\u0105dzenie komunikacyjne przeznaczone do bezpo\u015bredniego lub po\u015bredniego \u0142\u0105czenia si\u0119 z zako\u0144czeniem sieci.\nCookies \u2013 dane komputerowe, w szczeg\u00f3lno\u015bci ma\u0142e pliki tekstowe zapisywane w urz\u0105dzeniu ko\u0144cowym u\u017cytkownika, za pomoc\u0105 kt\u00f3rych u\u017cytkownik korzysta ze stron Serwisu.\nDane \u2013 wszelkie tre\u015bci i informacje udost\u0119pnione przez u\u017cytkownik\u00f3w w celu korzystania z formularza kontaktowego, w szczeg\u00f3lno\u015bci: imi\u0119 i nazwisko, adres, e-mail, zdj\u0119cia, posty, komentarze.<br><br>\n\n2. INFORMACJE OG\u00d3LNE <br>\n\nWarunkiem korzystania z Serwisu jest zapoznanie si\u0119 z tre\u015bci\u0105 niniejszego regulaminu. Korzystanie ze Strony oznacza akceptacj\u0119 jego tre\u015bci i zobowi\u0105zanie do przestrzegania zasad w nim zawartych. Serwis pozyskuje informacje o u\u017cytkownikach i ich zachowaniach za pomoc\u0105 nast\u0119puj\u0105cych metod:\n\npoprzez informacje dobrowolnie wprowadzane przez u\u017cytkownik\u00f3w w formularzach znajduj\u0105cych si\u0119 na stronie,\n\npoprzez automatycznie zapisywane w urz\u0105dzeniu ko\u0144cowym Cookies (tzw. \u201eciasteczka\u201d).<br><br>\n\n3. FORMULARZE INFORMACYJNE <br>\n\nStrona gromadzi dane dobrowolnie podane przez u\u017cytkownika w formularzu kontaktowym dost\u0119pnym na Stronie. Zebrane dane s\u0105 przetwarzane w zakresie wynikaj\u0105cym z funkcji formularza i wykorzystywane do komunikacji z U\u017cytkownikiem oraz do nawi\u0105zywania stosunk\u00f3w cywilnoprawnych (np. umowy najmu).\n\nPoza danymi zawartymi w formularzu Serwis mo\u017ce zapisa\u0107 ustawienia po\u0142\u0105czenia, w szczeg\u00f3lno\u015bci czas po\u0142\u0105czenia i adres IP u\u017cytkownika. Dane z formularzy mog\u0105 stanowi\u0107 zbi\u00f3r potencjalnych klient\u00f3w zarejestrowanych w Rejestrze zbior\u00f3w danych osobowych prowadzonym przez Prezesa Urz\u0119du Ochrony Danych Osobowych. Dane te mog\u0105 by\u0107 przekazywane podmiotom technicznie realizuj\u0105cym okre\u015blone us\u0142ugi, np. us\u0142ugom informacyjnym wspieraj\u0105cym p\u0142atno\u015bci lub innym podmiotom wsp\u00f3\u0142pracuj\u0105cym z Operatorem Serwisu lub Administratorem.<br><br>\n\n4. INFORMACJE O PLIKACH COOKIES Serwis korzysta z plik\u00f3w cookies. S\u0105 to dane komputerowe, w szczeg\u00f3lno\u015bci pliki tekstowe, przechowywane w urz\u0105dzeniu ko\u0144cowym U\u017cytkownika Serwisu i przeznaczone do korzystania ze stron Serwisu. Cookies zazwyczaj zawieraj\u0105 nazw\u0119 strony, z kt\u00f3rej pochodz\u0105, czas ich przechowywania w urz\u0105dzeniu ko\u0144cowym oraz unikalny numer.\n\nCele wykorzystania cookies:\n\ntworzenie statystyk u\u0142atwiaj\u0105cych zrozumienie, w jaki spos\u00f3b U\u017cytkownicy korzystaj\u0105 ze stron Serwisu, co pozwala na ulepszanie ich struktury i zawarto\u015bci,\n\nutrzymanie sesji u\u017cytkownika (po zalogowaniu), aby u\u017cytkownik nie musia\u0142 ponownie wpisywa\u0107 loginu i has\u0142a na ka\u017cdej stronie Serwisu,\n\nokre\u015blenie profilu u\u017cytkownika w celu wy\u015bwietlania dopasowanych materia\u0142\u00f3w.\n\nRodzaje cookies:\n\n\u201esesyjne\u201d \u2013 tymczasowe pliki przechowywane w urz\u0105dzeniu u\u017cytkownika do momentu wylogowania, opuszczenia strony lub wy\u0142\u0105czenia oprogramowania (przegl\u0105darki),\n\n\u201esta\u0142e\u201d \u2013 przechowywane w urz\u0105dzeniu u\u017cytkownika przez czas okre\u015blony w parametrach cookies lub do ich usuni\u0119cia przez u\u017cytkownika.\n\nU\u017cytkownicy mog\u0105 samodzielnie zmieni\u0107 ustawienia dotycz\u0105ce cookies w swojej przegl\u0105darce, w tym je usuwa\u0107 lub blokowa\u0107 automatycznie. Brak zmiany ustawie\u0144 lub blokady cookies oznacza zgod\u0119 na ich u\u017cycie. Ograniczenia te mog\u0105 wp\u0142ywa\u0107 na cz\u0119\u015b\u0107 funkcjonalno\u015bci dost\u0119pnych na stronie Serwisu.\n\nCookies mog\u0105 by\u0107 r\u00f3wnie\u017c wykorzystywane przez podmioty wsp\u00f3\u0142pracuj\u0105ce z operatorem Serwisu, w tym reklamodawc\u00f3w i partner\u00f3w (tzw. cookies zewn\u0119trzne), np. sieci reklamowe Google w celu wy\u015bwietlania spersonalizowanych reklam. Wi\u0119cej informacji o zarz\u0105dzaniu plikami cookies sieci reklamowej Google: https:\/\/www.google.com\/ads\/preferences\/\n.\n\nElementy osadzone na stronie w technologii Flash mog\u0105 r\u00f3wnie\u017c wykorzystywa\u0107 cookies (Flash Cookies), niezale\u017cnie od Administratora. Instrukcje dotycz\u0105ce usuwania lub wy\u0142\u0105czania Flash Cookies dost\u0119pne s\u0105 w dokumentacji Adobe.<br><br>\n\n5. LOGI SERWERA <br>\n\nInformacje o niekt\u00f3rych zachowaniach u\u017cytkownik\u00f3w s\u0105 rejestrowane w logach serwera. Dane te s\u0142u\u017c\u0105 wy\u0142\u0105cznie do administrowania stron\u0105 i zapewnienia wydajnego \u015bwiadczenia us\u0142ug hostingowych. Mog\u0105 one obejmowa\u0107:\n\ndat\u0119 i godzin\u0119 \u017c\u0105dania,\n\nnazw\u0119 stacji klienckiej,\n\ninformacje o b\u0142\u0119dach HTTP,\n\nadres URL strony poprzednio odwiedzonej przez u\u017cytkownika,\n\ninformacje o przegl\u0105darce, adres IP i MAC u\u017cytkownika.\n\nDane te nie s\u0105 \u0142\u0105czone z konkretnymi osobami.<br><br>\n\n6. POSTANOWIENIA DODATKOWE <br>\n\nDane mog\u0105 by\u0107 udost\u0119pniane podmiotom zewn\u0119trznym tylko w zakresie dozwolonym przepisami prawa. Dane osobowe mog\u0105 by\u0107 przekazywane wy\u0142\u0105cznie za zgod\u0105 osoby, kt\u00f3rej dotycz\u0105. Administrator mo\u017ce udost\u0119pni\u0107 dane uprawnionym organom publicznym, je\u017celi obowi\u0105zek ten wynika z przepis\u00f3w prawa.\n\nAdministrator mo\u017ce usun\u0105\u0107 subkonto lub dane os\u00f3b, je\u017celi uzyska wiarygodne informacje, \u017ce zosta\u0142y umieszczone bez zgody osoby lub naruszaj\u0105 przepisy prawa. Administrator podejmuje wszelkie uzasadnione dzia\u0142ania w celu zabezpieczenia konta U\u017cytkownika i ochrony przechowywanych danych.\n\nAdministrator nie ponosi odpowiedzialno\u015bci za tre\u015bci zamieszczane na stronie przez u\u017cytkownik\u00f3w. Administrator ma prawo usuwa\u0107 dane naruszaj\u0105ce przepisy prawa lub dobra osobiste innych os\u00f3b, zawieraj\u0105ce tre\u015bci wulgarne lub obra\u017aliwe.\n\nAdministrator nie odpowiada za czasow\u0105 niedost\u0119pno\u015b\u0107 Serwisu, w szczeg\u00f3lno\u015bci z powodu prac modernizacyjnych lub awarii sieci. Wszelkie pytania, uwagi lub w\u0105tpliwo\u015bci dotycz\u0105ce korzystania ze Strony nale\u017cy zg\u0142asza\u0107 poprzez formularz kontaktowy dost\u0119pny na stronie: https:\/\/contact\n.\n\nAdministrator zastrzega sobie prawo do zmiany niniejszego regulaminu w dowolnym momencie, bez konieczno\u015bci informowania u\u017cytkownik\u00f3w. Zmieniona tre\u015b\u0107 regulaminu zostanie niezw\u0142ocznie opublikowana na Stronie. <br><br>\n\n<\/h2>\t\t\t\t<\/div>\n\t\t\t\t<\/div>\n\t\t\t\t\t<\/div>\n\t\t\t\t<\/div>\n\t\t\t\t<\/div>","protected":false},"excerpt":{"rendered":"<p>Privacy Policy 1. DEFINITIONS Administrator \u2013 the site administrator \u201cChespa\u201d (www.chespa.eu) is Chespa sp. z o. o., Based in PL-47-316 Chorula, ul. Opolska 10 A, having NIP 755-18-20-932 and REGON 532341367; User \u2013 an entity using the Service, telecommunication service or requesting the provision of such services; Website \u2013 HTML document (text file is read [&hellip;]<\/p>\n","protected":false},"author":1,"featured_media":0,"parent":0,"menu_order":0,"comment_status":"closed","ping_status":"closed","template":"","meta":{"site-sidebar-layout":"no-sidebar","site-content-layout":"page-builder","ast-site-content-layout":"full-width-container","site-content-style":"default","site-sidebar-style":"default","ast-global-header-display":"","ast-banner-title-visibility":"","ast-main-header-display":"","ast-hfb-above-header-display":"","ast-hfb-below-header-display":"","ast-hfb-mobile-header-display":"","site-post-title":"disabled","ast-breadcrumbs-content":"","ast-featured-img":"disabled","footer-sml-layout":"","theme-transparent-header-meta":"","adv-header-id-meta":"","stick-header-meta":"","header-above-stick-meta":"","header-main-stick-meta":"","header-below-stick-meta":"","astra-migrate-meta-layouts":"set","ast-page-background-enabled":"default","ast-page-background-meta":{"desktop":{"background-color":"","background-image":"","background-repeat":"repeat","background-position":"center center","background-size":"auto","background-attachment":"scroll","background-type":"","background-media":"","overlay-type":"","overlay-color":"","overlay-opacity":"","overlay-gradient":""},"tablet":{"background-color":"","background-image":"","background-repeat":"repeat","background-position":"center center","background-size":"auto","background-attachment":"scroll","background-type":"","background-media":"","overlay-type":"","overlay-color":"","overlay-opacity":"","overlay-gradient":""},"mobile":{"background-color":"","background-image":"","background-repeat":"repeat","background-position":"center center","background-size":"auto","background-attachment":"scroll","background-type":"","background-media":"","overlay-type":"","overlay-color":"","overlay-opacity":"","overlay-gradient":""}},"ast-content-background-meta":{"desktop":{"background-color":"var(--ast-global-color-5)","background-image":"","background-repeat":"repeat","background-position":"center center","background-size":"auto","background-attachment":"scroll","background-type":"","background-media":"","overlay-type":"","overlay-color":"","overlay-opacity":"","overlay-gradient":""},"tablet":{"background-color":"var(--ast-global-color-5)","background-image":"","background-repeat":"repeat","background-position":"center center","background-size":"auto","background-attachment":"scroll","background-type":"","background-media":"","overlay-type":"","overlay-color":"","overlay-opacity":"","overlay-gradient":""},"mobile":{"background-color":"var(--ast-global-color-5)","background-image":"","background-repeat":"repeat","background-position":"center center","background-size":"auto","background-attachment":"scroll","background-type":"","background-media":"","overlay-type":"","overlay-color":"","overlay-opacity":"","overlay-gradient":""}},"footnotes":""},"class_list":["post-4490","page","type-page","status-publish","hentry"],"yoast_head":"<!-- This site is optimized with the Yoast SEO plugin v27.6 - https:\/\/yoast.com\/product\/yoast-seo-wordpress\/ -->\n<title>Privacy Policy - Magenta Vision<\/title>\n<meta name=\"robots\" content=\"index, follow, max-snippet:-1, max-image-preview:large, max-video-preview:-1\" \/>\n<link rel=\"canonical\" href=\"https:\/\/magenta-vision.com\/pl\/privacy-policy-2\/\" \/>\n<meta property=\"og:locale\" content=\"pl_PL\" \/>\n<meta property=\"og:type\" content=\"article\" \/>\n<meta property=\"og:title\" content=\"Privacy Policy - Magenta Vision\" \/>\n<meta property=\"og:description\" content=\"Privacy Policy 1. DEFINITIONS Administrator \u2013 the site administrator \u201cChespa\u201d (www.chespa.eu) is Chespa sp. z o. o., Based in PL-47-316 Chorula, ul. Opolska 10 A, having NIP 755-18-20-932 and REGON 532341367; User \u2013 an entity using the Service, telecommunication service or requesting the provision of such services; Website \u2013 HTML document (text file is read [&hellip;]\" \/>\n<meta property=\"og:url\" content=\"https:\/\/magenta-vision.com\/pl\/privacy-policy-2\/\" \/>\n<meta property=\"og:site_name\" content=\"Magenta Vision\" \/>\n<meta property=\"article:publisher\" content=\"https:\/\/www.facebook.com\/MagentaVision\/?locale=pl_PL\" \/>\n<meta property=\"article:modified_time\" content=\"2025-09-29T08:05:30+00:00\" \/>\n<meta name=\"twitter:card\" content=\"summary_large_image\" \/>\n<meta name=\"twitter:label1\" content=\"Szacowany czas czytania\" \/>\n\t<meta name=\"twitter:data1\" content=\"6 minut\" \/>\n<script type=\"application\/ld+json\" class=\"yoast-schema-graph\">{\"@context\":\"https:\\\/\\\/schema.org\",\"@graph\":[{\"@type\":\"WebPage\",\"@id\":\"https:\\\/\\\/magenta-vision.com\\\/privacy-policy-2\\\/\",\"url\":\"https:\\\/\\\/magenta-vision.com\\\/privacy-policy-2\\\/\",\"name\":\"Privacy Policy - Magenta Vision\",\"isPartOf\":{\"@id\":\"https:\\\/\\\/magenta-vision.com\\\/#website\"},\"datePublished\":\"2025-09-29T07:48:49+00:00\",\"dateModified\":\"2025-09-29T08:05:30+00:00\",\"breadcrumb\":{\"@id\":\"https:\\\/\\\/magenta-vision.com\\\/privacy-policy-2\\\/#breadcrumb\"},\"inLanguage\":\"pl-PL\",\"potentialAction\":[{\"@type\":\"ReadAction\",\"target\":[\"https:\\\/\\\/magenta-vision.com\\\/privacy-policy-2\\\/\"]}]},{\"@type\":\"BreadcrumbList\",\"@id\":\"https:\\\/\\\/magenta-vision.com\\\/privacy-policy-2\\\/#breadcrumb\",\"itemListElement\":[{\"@type\":\"ListItem\",\"position\":1,\"name\":\"Home\",\"item\":\"https:\\\/\\\/magenta-vision.com\\\/\"},{\"@type\":\"ListItem\",\"position\":2,\"name\":\"Privacy Policy\"}]},{\"@type\":\"WebSite\",\"@id\":\"https:\\\/\\\/magenta-vision.com\\\/#website\",\"url\":\"https:\\\/\\\/magenta-vision.com\\\/\",\"name\":\"Magenta Vision\",\"description\":\"Advanced Printing Solutions\",\"publisher\":{\"@id\":\"https:\\\/\\\/magenta-vision.com\\\/#organization\"},\"alternateName\":\"Magenta Vision\",\"potentialAction\":[{\"@type\":\"SearchAction\",\"target\":{\"@type\":\"EntryPoint\",\"urlTemplate\":\"https:\\\/\\\/magenta-vision.com\\\/?s={search_term_string}\"},\"query-input\":{\"@type\":\"PropertyValueSpecification\",\"valueRequired\":true,\"valueName\":\"search_term_string\"}}],\"inLanguage\":\"pl-PL\"},{\"@type\":\"Organization\",\"@id\":\"https:\\\/\\\/magenta-vision.com\\\/#organization\",\"name\":\"Magenta Vision\",\"url\":\"https:\\\/\\\/magenta-vision.com\\\/\",\"logo\":{\"@type\":\"ImageObject\",\"inLanguage\":\"pl-PL\",\"@id\":\"https:\\\/\\\/magenta-vision.com\\\/#\\\/schema\\\/logo\\\/image\\\/\",\"url\":\"https:\\\/\\\/magenta-vision.com\\\/wp-content\\\/uploads\\\/2025\\\/10\\\/magenta_logo-4.svg\",\"contentUrl\":\"https:\\\/\\\/magenta-vision.com\\\/wp-content\\\/uploads\\\/2025\\\/10\\\/magenta_logo-4.svg\",\"caption\":\"Magenta Vision\"},\"image\":{\"@id\":\"https:\\\/\\\/magenta-vision.com\\\/#\\\/schema\\\/logo\\\/image\\\/\"},\"sameAs\":[\"https:\\\/\\\/www.facebook.com\\\/MagentaVision\\\/?locale=pl_PL\",\"https:\\\/\\\/www.linkedin.com\\\/company\\\/magenta-vision\",\"https:\\\/\\\/www.youtube.com\\\/user\\\/MagentaVision\"]}]}<\/script>\n<!-- \/ Yoast SEO plugin. -->","yoast_head_json":{"title":"Privacy Policy - Magenta Vision","robots":{"index":"index","follow":"follow","max-snippet":"max-snippet:-1","max-image-preview":"max-image-preview:large","max-video-preview":"max-video-preview:-1"},"canonical":"https:\/\/magenta-vision.com\/pl\/privacy-policy-2\/","og_locale":"pl_PL","og_type":"article","og_title":"Privacy Policy - Magenta Vision","og_description":"Privacy Policy 1. DEFINITIONS Administrator \u2013 the site administrator \u201cChespa\u201d (www.chespa.eu) is Chespa sp. z o. o., Based in PL-47-316 Chorula, ul. Opolska 10 A, having NIP 755-18-20-932 and REGON 532341367; User \u2013 an entity using the Service, telecommunication service or requesting the provision of such services; Website \u2013 HTML document (text file is read [&hellip;]","og_url":"https:\/\/magenta-vision.com\/pl\/privacy-policy-2\/","og_site_name":"Magenta Vision","article_publisher":"https:\/\/www.facebook.com\/MagentaVision\/?locale=pl_PL","article_modified_time":"2025-09-29T08:05:30+00:00","twitter_card":"summary_large_image","twitter_misc":{"Szacowany czas czytania":"6 minut"},"schema":{"@context":"https:\/\/schema.org","@graph":[{"@type":"WebPage","@id":"https:\/\/magenta-vision.com\/privacy-policy-2\/","url":"https:\/\/magenta-vision.com\/privacy-policy-2\/","name":"Privacy Policy - Magenta Vision","isPartOf":{"@id":"https:\/\/magenta-vision.com\/#website"},"datePublished":"2025-09-29T07:48:49+00:00","dateModified":"2025-09-29T08:05:30+00:00","breadcrumb":{"@id":"https:\/\/magenta-vision.com\/privacy-policy-2\/#breadcrumb"},"inLanguage":"pl-PL","potentialAction":[{"@type":"ReadAction","target":["https:\/\/magenta-vision.com\/privacy-policy-2\/"]}]},{"@type":"BreadcrumbList","@id":"https:\/\/magenta-vision.com\/privacy-policy-2\/#breadcrumb","itemListElement":[{"@type":"ListItem","position":1,"name":"Home","item":"https:\/\/magenta-vision.com\/"},{"@type":"ListItem","position":2,"name":"Privacy Policy"}]},{"@type":"WebSite","@id":"https:\/\/magenta-vision.com\/#website","url":"https:\/\/magenta-vision.com\/","name":"Magenta Vision","description":"Advanced Printing Solutions","publisher":{"@id":"https:\/\/magenta-vision.com\/#organization"},"alternateName":"Magenta Vision","potentialAction":[{"@type":"SearchAction","target":{"@type":"EntryPoint","urlTemplate":"https:\/\/magenta-vision.com\/?s={search_term_string}"},"query-input":{"@type":"PropertyValueSpecification","valueRequired":true,"valueName":"search_term_string"}}],"inLanguage":"pl-PL"},{"@type":"Organization","@id":"https:\/\/magenta-vision.com\/#organization","name":"Magenta Vision","url":"https:\/\/magenta-vision.com\/","logo":{"@type":"ImageObject","inLanguage":"pl-PL","@id":"https:\/\/magenta-vision.com\/#\/schema\/logo\/image\/","url":"https:\/\/magenta-vision.com\/wp-content\/uploads\/2025\/10\/magenta_logo-4.svg","contentUrl":"https:\/\/magenta-vision.com\/wp-content\/uploads\/2025\/10\/magenta_logo-4.svg","caption":"Magenta Vision"},"image":{"@id":"https:\/\/magenta-vision.com\/#\/schema\/logo\/image\/"},"sameAs":["https:\/\/www.facebook.com\/MagentaVision\/?locale=pl_PL","https:\/\/www.linkedin.com\/company\/magenta-vision","https:\/\/www.youtube.com\/user\/MagentaVision"]}]}},"_links":{"self":[{"href":"https:\/\/magenta-vision.com\/pl\/wp-json\/wp\/v2\/pages\/4490","targetHints":{"allow":["GET"]}}],"collection":[{"href":"https:\/\/magenta-vision.com\/pl\/wp-json\/wp\/v2\/pages"}],"about":[{"href":"https:\/\/magenta-vision.com\/pl\/wp-json\/wp\/v2\/types\/page"}],"author":[{"embeddable":true,"href":"https:\/\/magenta-vision.com\/pl\/wp-json\/wp\/v2\/users\/1"}],"replies":[{"embeddable":true,"href":"https:\/\/magenta-vision.com\/pl\/wp-json\/wp\/v2\/comments?post=4490"}],"version-history":[{"count":10,"href":"https:\/\/magenta-vision.com\/pl\/wp-json\/wp\/v2\/pages\/4490\/revisions"}],"predecessor-version":[{"id":4524,"href":"https:\/\/magenta-vision.com\/pl\/wp-json\/wp\/v2\/pages\/4490\/revisions\/4524"}],"wp:attachment":[{"href":"https:\/\/magenta-vision.com\/pl\/wp-json\/wp\/v2\/media?parent=4490"}],"curies":[{"name":"wp","href":"https:\/\/api.w.org\/{rel}","templated":true}]}}